{"id":8,"date":"2019-10-16T16:25:17","date_gmt":"2019-10-16T14:25:17","guid":{"rendered":"http:\/\/www.burmett-gr.com\/?page_id=8"},"modified":"2025-04-29T15:17:40","modified_gmt":"2025-04-29T13:17:40","slug":"acceil-fr-fr-dz","status":"publish","type":"page","link":"https:\/\/www.burmett-gr.com\/","title":{"rendered":"accueil"},"content":{"rendered":"<h2 style=\"text-align: center;\"><img loading=\"lazy\" decoding=\"async\" class=\"alignnone size-medium wp-image-3222\" src=\"https:\/\/www.burmett-gr.com\/wp-content\/uploads\/2025\/04\/Screenshot-2025-04-29-at-14-56-38-rockpanel-structures-Recherche-Images-300x173.png\" alt=\"\" width=\"300\" height=\"173\" srcset=\"https:\/\/www.burmett-gr.com\/wp-content\/uploads\/2025\/04\/Screenshot-2025-04-29-at-14-56-38-rockpanel-structures-Recherche-Images-300x173.png 300w, https:\/\/www.burmett-gr.com\/wp-content\/uploads\/2025\/04\/Screenshot-2025-04-29-at-14-56-38-rockpanel-structures-Recherche-Images-1024x591.png 1024w, https:\/\/www.burmett-gr.com\/wp-content\/uploads\/2025\/04\/Screenshot-2025-04-29-at-14-56-38-rockpanel-structures-Recherche-Images-768x443.png 768w, https:\/\/www.burmett-gr.com\/wp-content\/uploads\/2025\/04\/Screenshot-2025-04-29-at-14-56-38-rockpanel-structures-Recherche-Images-370x213.png 370w, https:\/\/www.burmett-gr.com\/wp-content\/uploads\/2025\/04\/Screenshot-2025-04-29-at-14-56-38-rockpanel-structures-Recherche-Images-1040x600.png 1040w, https:\/\/www.burmett-gr.com\/wp-content\/uploads\/2025\/04\/Screenshot-2025-04-29-at-14-56-38-rockpanel-structures-Recherche-Images.png 1063w\" sizes=\"auto, (max-width: 300px) 100vw, 300px\" \/><\/h2>\n<p style=\"text-align: center;\"><strong>Fa\u00e7ade Ventil\u00e9<\/strong><\/p>\n<h2 style=\"text-align: center;\">L&rsquo;isolation des fa\u00e7ades <strong>ITE<\/strong><\/h2>\n<p><img decoding=\"async\" class=\" nofocus aligncenter\" tabindex=\"0\" role=\"button\" src=\"https:\/\/img.edilportale.com\/products\/ROCKPANEL-CHAMELEON-ROCKPANEL-GROUP-265027-relf349ce34.jpg\" alt=\"Panel for facade ROCKPANEL CHAMELEON By Rockpanel\" aria-label=\"Panel for facade ROCKPANEL CHAMELEON By Rockpanel\" \/><\/p>\n<h3 style=\"text-align: center;\"><strong>ITE<\/strong> est l\u2019acronyme d\u2019 <strong>Isolation Thermique<\/strong> par l\u2019<strong>Ext\u00e9rieur<\/strong>.<br \/>Il d\u00e9signe l\u2019ensemble des m\u00e9thodes qui permettent d\u2019am\u00e9liorer l\u2019isolation de l\u2019enveloppe ext\u00e9rieure de votre logement.<\/h3>\n<h3 style=\"text-align: center;\">Cette solution peut offrir de nombreux avantages notamment en mati\u00e8re de confort thermique et d\u2019esth\u00e9tique.<br \/>Consistant \u00e0 poser l\u2019isolant sur les murs ext\u00e9rieurs d\u2019un b\u00e2timent, la technique de l&rsquo; isolation thermique par l&rsquo;ext\u00e9rieur renforce les performances thermiques globales du b\u00e2timent et permet ainsi de r\u00e9aliser des \u00e9conomies d\u2019\u00e9nergies substantielles.<\/h3>\n<p><img decoding=\"async\" title=\"Merry Hill Au\u00dfenansicht - Merry Hill\" src=\"https:\/\/cdn.heinze.de\/m1\/48\/13105348\/images\/55\/13105355px320x180.jpg\" srcset=\"https:\/\/cdn.heinze.de\/m1\/48\/13105348\/images\/55\/13105355px1920x1080.jpg 1920w, https:\/\/cdn.heinze.de\/m1\/48\/13105348\/images\/55\/13105355px1440x810.jpg 1440w, https:\/\/cdn.heinze.de\/m1\/48\/13105348\/images\/55\/13105355px480x270.jpg 480w, https:\/\/cdn.heinze.de\/m1\/48\/13105348\/images\/55\/13105355px320x180.jpg 320w\" alt=\"Merry Hill Au\u00dfenansicht - Merry Hill\" data-cmp-info=\"10\" \/><\/p>\n<h3 style=\"text-align: center;\">\u00a0<\/h3>\n<p><img loading=\"lazy\" decoding=\"async\" class=\"aligncenter\" src=\"https:\/\/www.burmett-gr.com\/wp-content\/uploads\/2023\/01\/FB_IMG_1673515942670.jpg\" sizes=\"auto, (max-width: 540px) 100vw, 540px\" srcset=\"https:\/\/www.burmett-gr.com\/wp-content\/uploads\/2023\/01\/FB_IMG_1673515942670.jpg 540w, https:\/\/www.burmett-gr.com\/wp-content\/uploads\/2023\/01\/FB_IMG_1673515942670-300x207.jpg 300w, https:\/\/www.burmett-gr.com\/wp-content\/uploads\/2023\/01\/FB_IMG_1673515942670-370x255.jpg 370w\" alt=\"\" width=\"540\" height=\"372\" \/><br \/><img loading=\"lazy\" decoding=\"async\" src=\"https:\/\/www.burmett-gr.com\/wp-content\/uploads\/2023\/01\/image_97d4bf31-6dbc-4197-9f8c-834311b334d720230109_184825.jpg\" sizes=\"auto, (max-width: 738px) 100vw, 738px\" srcset=\"https:\/\/www.burmett-gr.com\/wp-content\/uploads\/2023\/01\/image_97d4bf31-6dbc-4197-9f8c-834311b334d720230109_184825.jpg 738w, https:\/\/www.burmett-gr.com\/wp-content\/uploads\/2023\/01\/image_97d4bf31-6dbc-4197-9f8c-834311b334d720230109_184825-300x210.jpg 300w, https:\/\/www.burmett-gr.com\/wp-content\/uploads\/2023\/01\/image_97d4bf31-6dbc-4197-9f8c-834311b334d720230109_184825-370x259.jpg 370w\" alt=\"\" width=\"738\" height=\"516\" \/><br \/><img loading=\"lazy\" decoding=\"async\" src=\"https:\/\/www.burmett-gr.com\/wp-content\/uploads\/2023\/01\/image_d427e11a-d3d3-4d67-a4d2-3f762326bee920230109_184839.jpg\" sizes=\"auto, (max-width: 415px) 100vw, 415px\" srcset=\"https:\/\/www.burmett-gr.com\/wp-content\/uploads\/2023\/01\/image_d427e11a-d3d3-4d67-a4d2-3f762326bee920230109_184839.jpg 415w, https:\/\/www.burmett-gr.com\/wp-content\/uploads\/2023\/01\/image_d427e11a-d3d3-4d67-a4d2-3f762326bee920230109_184839-178x300.jpg 178w, https:\/\/www.burmett-gr.com\/wp-content\/uploads\/2023\/01\/image_d427e11a-d3d3-4d67-a4d2-3f762326bee920230109_184839-370x625.jpg 370w\" alt=\"\" width=\"415\" height=\"701\" \/><br \/><img loading=\"lazy\" decoding=\"async\" src=\"https:\/\/www.burmett-gr.com\/wp-content\/uploads\/2023\/01\/image_7b7d5dd5-8a39-4bc8-a8ea-8f8e28119dda20230109_184843.jpg\" sizes=\"auto, (max-width: 548px) 100vw, 548px\" srcset=\"https:\/\/www.burmett-gr.com\/wp-content\/uploads\/2023\/01\/image_7b7d5dd5-8a39-4bc8-a8ea-8f8e28119dda20230109_184843.jpg 548w, https:\/\/www.burmett-gr.com\/wp-content\/uploads\/2023\/01\/image_7b7d5dd5-8a39-4bc8-a8ea-8f8e28119dda20230109_184843-183x300.jpg 183w, https:\/\/www.burmett-gr.com\/wp-content\/uploads\/2023\/01\/image_7b7d5dd5-8a39-4bc8-a8ea-8f8e28119dda20230109_184843-370x607.jpg 370w\" alt=\"\" width=\"548\" height=\"899\" \/><\/p>\n<h1 style=\"text-align: center;\">Aluminium, bardage, plaque de pl\u00e2tre &amp; fa\u00e7ade<\/h1>\n<p style=\"text-align: center;\">notre univers et la fourniture des professionnels du monde du b\u00e2timent<\/p>\n<h2 style=\"text-align: center;\">mat\u00e9riel<\/h2>\n\n\n\n\n\n\n<\/p>\n<p>\n\n\n\n<\/p>\n<p style=\"text-align: center;\">Vos projets de construction m\u00e9ritent le meilleur<\/p>\n<p>\n\n\n\n<\/p>\n<p style=\"text-align: center;\">Partenaire privil\u00e9gi\u00e9 des projets de construction et de r\u00e9novation de grande ampleur, <strong>BURMETT-GR<\/strong> s\u2019est impos\u00e9 au fil des ann\u00e9es comme l\u2019entreprise de bardage de r\u00e9f\u00e9rence pour les <strong>experts du b\u00e2timent<\/strong>. Intervenant sur une grande vari\u00e9t\u00e9 de projets allant du terminal d\u2019a\u00e9roport jusqu\u2019\u00e0 la banque en passant par le b\u00e2timent d\u2019entreprise, notre priorit\u00e9 reste l\u2019excellence op\u00e9rationnelle dans chacune de nos missions.<\/p>\n<p>\n\n\n\n<\/p>\n<p style=\"text-align: center;\">Notre expertise s\u2019articule principalement autour de trois champs d\u2019intervention :<\/p>\n<p style=\"text-align: center;\"><strong>b\u00e2timents d\u2019entreprises<\/strong>, <strong>chantiers publics<\/strong> et <strong>immeubles de logements<\/strong>.<br \/>Que vous envisagiez la construction, la r\u00e9novation ou l\u2019extension d\u2019un local d\u2019entreprise, d\u2019un si\u00e8ge social, d\u2019un immeuble de logements ou d&rsquo;une villa vous trouverez aupr\u00e8s de <strong>BURMETT-GR<\/strong>, une entreprise de bardage exp\u00e9riment\u00e9e et reconnue pour mener \u00e0 bien votre projet.<\/p>\n<p>\n\n\n<p><img loading=\"lazy\" decoding=\"async\" src=\"https:\/\/www.burmett-gr.com\/wp-content\/uploads\/2019\/10\/Screenshot_2019-10-16-Entreprise-bardage-Bordeaux-Paris-professionnels-du-bardage-Pl\u00e9bac-1024x382.png\" sizes=\"auto, (max-width: 1024px) 100vw, 1024px\" srcset=\"https:\/\/www.burmett-gr.com\/wp-content\/uploads\/2019\/10\/Screenshot_2019-10-16-Entreprise-bardage-Bordeaux-Paris-professionnels-du-bardage-Pl\u00e9bac-1024x382.png 1024w, https:\/\/www.burmett-gr.com\/wp-content\/uploads\/2019\/10\/Screenshot_2019-10-16-Entreprise-bardage-Bordeaux-Paris-professionnels-du-bardage-Pl\u00e9bac-300x112.png 300w, https:\/\/www.burmett-gr.com\/wp-content\/uploads\/2019\/10\/Screenshot_2019-10-16-Entreprise-bardage-Bordeaux-Paris-professionnels-du-bardage-Pl\u00e9bac-768x286.png 768w, https:\/\/www.burmett-gr.com\/wp-content\/uploads\/2019\/10\/Screenshot_2019-10-16-Entreprise-bardage-Bordeaux-Paris-professionnels-du-bardage-Pl\u00e9bac-370x138.png 370w, https:\/\/www.burmett-gr.com\/wp-content\/uploads\/2019\/10\/Screenshot_2019-10-16-Entreprise-bardage-Bordeaux-Paris-professionnels-du-bardage-Pl\u00e9bac-1040x388.png 1040w, https:\/\/www.burmett-gr.com\/wp-content\/uploads\/2019\/10\/Screenshot_2019-10-16-Entreprise-bardage-Bordeaux-Paris-professionnels-du-bardage-Pl\u00e9bac.png 1440w\" alt=\"\" width=\"1024\" height=\"382\" \/><\/p>\n<h1 style=\"text-align: center;\">Technicit\u00e9 et exigence<\/h1>\n<p style=\"text-align: center;\">Nos produits innovants en bardage et couverture, associ\u00e9s \u00e0 l\u2019expertise en pose de nos \u00e9quipes technique nous permettent de garantir l\u2019\u00e9tanch\u00e9it\u00e9, l\u2019isolation thermique mais \u00e9galement l\u2019esth\u00e9tique et la performance acoustique des b\u00e2timents professionnels publics ou priv\u00e9s. Notre certification atteste de nos comp\u00e9tences et de la qualit\u00e9 de nos interventions.<\/p>\n<blockquote>\n<h3 style=\"text-align: center;\"><em>Quelle que soit la dimension de votre projet de construction ou de r\u00e9novation et quel que soit le type de bardage que vous envisagez, la pluralit\u00e9 et l\u2019expertise de nos \u00e9quipes commerciales et techniques nous permettent de d\u00e9tacher plusieurs techniciens qualifi\u00e9s dans des d\u00e9lais tr\u00e8s courts.<\/em><\/h3>\n<\/blockquote>\n<p style=\"text-align: center;\">Notre ma\u00eetrise des principes de conception, fabrication, installation, mise en service et contr\u00f4le de la qualit\u00e9 de nos chantiers garantit la durabilit\u00e9 et la performance des protections de b\u00e2timents install\u00e9es par nos \u00e9quipes. Sp\u00e9cialiste des enveloppes de b\u00e2timents contemporains et design,<\/p>\n<p style=\"text-align: center;\"><b>BURMETT<\/b>&#8211;<b>GR <\/b>s\u2019affirme comme une entreprise de bardage Alg\u00e9rienne sollicit\u00e9e r\u00e9guli\u00e8rement par les architectes et ma\u00eetres d\u2019\u0153uvre pour la r\u00e9alisation de chantiers exigeants.<\/p>\n<h1 style=\"text-align: center;\">Nos valeurs<\/h1>\n<p style=\"text-align: center;\">Les qualit\u00e9s humaines et techniques de BURMETT-GR<\/p>\n<h4 style=\"text-align: center;\">Aspect humain<\/h4>\n<p><img loading=\"lazy\" decoding=\"async\" class=\"aligncenter\" src=\"https:\/\/www.burmett-gr.com\/wp-content\/uploads\/2019\/10\/Screenshot_2019-10-16-Pose-de-bardage-ext\u00e9rieur-conseils-pose-bardage-Pl\u00e9bac1.png\" sizes=\"auto, (max-width: 443px) 100vw, 443px\" srcset=\"https:\/\/www.burmett-gr.com\/wp-content\/uploads\/2019\/10\/Screenshot_2019-10-16-Pose-de-bardage-ext\u00e9rieur-conseils-pose-bardage-Pl\u00e9bac1.png 443w, https:\/\/www.burmett-gr.com\/wp-content\/uploads\/2019\/10\/Screenshot_2019-10-16-Pose-de-bardage-ext\u00e9rieur-conseils-pose-bardage-Pl\u00e9bac1-300x148.png 300w, https:\/\/www.burmett-gr.com\/wp-content\/uploads\/2019\/10\/Screenshot_2019-10-16-Pose-de-bardage-ext\u00e9rieur-conseils-pose-bardage-Pl\u00e9bac1-370x183.png 370w\" alt=\"\" width=\"443\" height=\"219\" \/><\/p>\n<p style=\"text-align: center;\">L\u2019\u00e9change est primordial pour chacune de nos r\u00e9alisations. La coh\u00e9sion des \u00e9quipes nous permet d\u2019\u00e9tablir un fort levier de performance. D\u00e9montrant une grande ma\u00eetrise dans notre domaine, nous instaurons une relation de confiance et de proximit\u00e9, avec vous, et \u00e0 chaque \u00e9tape de votre projet.<\/p>\n<h4 style=\"text-align: center;\">Recherche &amp; D\u00e9veloppement<\/h4>\n<p><img loading=\"lazy\" decoding=\"async\" class=\"aligncenter\" src=\"https:\/\/www.burmett-gr.com\/wp-content\/uploads\/2019\/10\/as1.png\" sizes=\"auto, (max-width: 451px) 100vw, 451px\" srcset=\"https:\/\/www.burmett-gr.com\/wp-content\/uploads\/2019\/10\/as1.png 451w, https:\/\/www.burmett-gr.com\/wp-content\/uploads\/2019\/10\/as1-300x140.png 300w, https:\/\/www.burmett-gr.com\/wp-content\/uploads\/2019\/10\/as1-370x173.png 370w\" alt=\"\" width=\"451\" height=\"211\" \/><\/p>\n<p style=\"text-align: center;\">Nous nous appliquons \u00e0 effectuer une veille permanente en recherche et d\u00e9veloppement afin de r\u00e9pondre aux nouveaux besoins techniques de nos clients. Notre identit\u00e9 r\u00e9side dans notre ouverture d\u2019esprit et notre envie de repousser sans cesse les limites de l\u2019innovation.<\/p>\n<h2 style=\"text-align: center;\">\u00a0<\/h2>\n<p style=\"text-align: center;\">\n\n\n\n<\/p>\n<p style=\"text-align: center;\"><img loading=\"lazy\" decoding=\"async\" class=\"aligncenter\" src=\"https:\/\/www.burmett-gr.com\/wp-content\/uploads\/2021\/09\/cropped-Screenshot-2021-09-11-at-11-28-07-Logo-Creator-Jimdo.png\" alt=\"\" width=\"212\" height=\"37\" \/><\/p>\n<h4 style=\"text-align: center;\">est pr\u00e9sente sur le territoire national<\/h4>\n<h3 style=\"text-align: center;\"><strong>Si\u00e8ge social Oran ALG\u00c9RIE<\/strong><\/h3>\n<p><img loading=\"lazy\" decoding=\"async\" src=\"https:\/\/www.burmett-gr.com\/wp-content\/uploads\/2019\/11\/20191031_210039-1024x368.jpg\" sizes=\"auto, (max-width: 1024px) 100vw, 1024px\" srcset=\"https:\/\/www.burmett-gr.com\/wp-content\/uploads\/2019\/11\/20191031_210039-1024x368.jpg 1024w, https:\/\/www.burmett-gr.com\/wp-content\/uploads\/2019\/11\/20191031_210039-300x108.jpg 300w, https:\/\/www.burmett-gr.com\/wp-content\/uploads\/2019\/11\/20191031_210039-768x276.jpg 768w, https:\/\/www.burmett-gr.com\/wp-content\/uploads\/2019\/11\/20191031_210039-370x133.jpg 370w, https:\/\/www.burmett-gr.com\/wp-content\/uploads\/2019\/11\/20191031_210039-1040x373.jpg 1040w, https:\/\/www.burmett-gr.com\/wp-content\/uploads\/2019\/11\/20191031_210039.jpg 1551w\" alt=\"\" width=\"1024\" height=\"368\" \/><\/p>\n\n\n<ul class=\"wp-block-social-links is-layout-flex wp-block-social-links-is-layout-flex\"><\/ul>\n\n\n\n<p><\/p>\n","protected":false},"excerpt":{"rendered":"<p>Fa\u00e7ade Ventil\u00e9 L&rsquo;isolation des fa\u00e7ades ITE ITE est l\u2019acronyme d\u2019 Isolation Thermique par l\u2019Ext\u00e9rieur.Il d\u00e9signe l\u2019ensemble des m\u00e9thodes qui permettent d\u2019am\u00e9liorer l\u2019isolation de l\u2019enveloppe ext\u00e9rieure de votre logement. Cette solution peut offrir de nombreux avantages[&#8230;]<\/p>\n","protected":false},"author":1,"featured_media":1187,"parent":0,"menu_order":0,"comment_status":"closed","ping_status":"closed","template":"","meta":{"footnotes":""},"class_list":["post-8","page","type-page","status-publish","has-post-thumbnail","hentry"],"yoast_head":"<!-- This site is optimized with the Yoast SEO plugin v24.9 - https:\/\/yoast.com\/wordpress\/plugins\/seo\/ -->\n<title>accueil - Mat\u00e9riel BURMETT-GR<\/title>\n<meta name=\"description\" content=\"EQUITONE est un mat\u00e9riau de fa\u00e7ade teint\u00e9 dans la masse, d\u00e9velopp\u00e9 avec les architectes, pour les architectes. Nous produisons des panneaux de fa\u00e7ade.\" \/>\n<meta name=\"robots\" content=\"index, follow, max-snippet:-1, max-image-preview:large, max-video-preview:-1\" \/>\n<link rel=\"canonical\" href=\"https:\/\/www.burmett-gr.com\/\" \/>\n<meta property=\"og:locale\" content=\"fr_FR\" \/>\n<meta property=\"og:type\" content=\"article\" \/>\n<meta property=\"og:title\" content=\"accueil - Mat\u00e9riel BURMETT-GR\" \/>\n<meta property=\"og:description\" content=\"EQUITONE est un mat\u00e9riau de fa\u00e7ade teint\u00e9 dans la masse, d\u00e9velopp\u00e9 avec les architectes, pour les architectes. Nous produisons des panneaux de fa\u00e7ade.\" \/>\n<meta property=\"og:url\" content=\"https:\/\/www.burmett-gr.com\/\" \/>\n<meta property=\"og:site_name\" content=\"Mat\u00e9riel\" \/>\n<meta property=\"article:publisher\" content=\"https:\/\/www.facebook.com\/burmett.gr\/\" \/>\n<meta property=\"article:modified_time\" content=\"2025-04-29T13:17:40+00:00\" \/>\n<meta property=\"og:image\" content=\"https:\/\/www.burmett-gr.com\/wp-content\/uploads\/2019\/10\/7-4-1.png\" \/>\n\t<meta property=\"og:image:width\" content=\"1600\" \/>\n\t<meta property=\"og:image:height\" content=\"871\" \/>\n\t<meta property=\"og:image:type\" content=\"image\/png\" \/>\n<meta name=\"twitter:card\" content=\"summary_large_image\" \/>\n<meta name=\"twitter:label1\" content=\"Dur\u00e9e de lecture estim\u00e9e\" \/>\n\t<meta name=\"twitter:data1\" content=\"6 minutes\" \/>\n<script type=\"application\/ld+json\" class=\"yoast-schema-graph\">{\"@context\":\"https:\/\/schema.org\",\"@graph\":[{\"@type\":\"WebPage\",\"@id\":\"https:\/\/www.burmett-gr.com\/\",\"url\":\"https:\/\/www.burmett-gr.com\/\",\"name\":\"accueil - Mat\u00e9riel BURMETT-GR\",\"isPartOf\":{\"@id\":\"https:\/\/www.burmett-gr.com\/#website\"},\"primaryImageOfPage\":{\"@id\":\"https:\/\/www.burmett-gr.com\/#primaryimage\"},\"image\":{\"@id\":\"https:\/\/www.burmett-gr.com\/#primaryimage\"},\"thumbnailUrl\":\"https:\/\/www.burmett-gr.com\/wp-content\/uploads\/2019\/10\/7-4-1.png\",\"datePublished\":\"2019-10-16T14:25:17+00:00\",\"dateModified\":\"2025-04-29T13:17:40+00:00\",\"description\":\"EQUITONE est un mat\u00e9riau de fa\u00e7ade teint\u00e9 dans la masse, d\u00e9velopp\u00e9 avec les architectes, pour les architectes. Nous produisons des panneaux de fa\u00e7ade.\",\"breadcrumb\":{\"@id\":\"https:\/\/www.burmett-gr.com\/#breadcrumb\"},\"inLanguage\":\"fr-FR\",\"potentialAction\":[{\"@type\":\"ReadAction\",\"target\":[\"https:\/\/www.burmett-gr.com\/\"]}]},{\"@type\":\"ImageObject\",\"inLanguage\":\"fr-FR\",\"@id\":\"https:\/\/www.burmett-gr.com\/#primaryimage\",\"url\":\"https:\/\/www.burmett-gr.com\/wp-content\/uploads\/2019\/10\/7-4-1.png\",\"contentUrl\":\"https:\/\/www.burmett-gr.com\/wp-content\/uploads\/2019\/10\/7-4-1.png\",\"width\":1600,\"height\":871},{\"@type\":\"BreadcrumbList\",\"@id\":\"https:\/\/www.burmett-gr.com\/#breadcrumb\",\"itemListElement\":[{\"@type\":\"ListItem\",\"position\":1,\"name\":\"Accueil\",\"item\":\"https:\/\/www.burmett-gr.com\/\"},{\"@type\":\"ListItem\",\"position\":2,\"name\":\"accueil\"}]},{\"@type\":\"WebSite\",\"@id\":\"https:\/\/www.burmett-gr.com\/#website\",\"url\":\"https:\/\/www.burmett-gr.com\/\",\"name\":\"Mat\u00e9riel\",\"description\":\"ALGERIE\",\"publisher\":{\"@id\":\"https:\/\/www.burmett-gr.com\/#organization\"},\"potentialAction\":[{\"@type\":\"SearchAction\",\"target\":{\"@type\":\"EntryPoint\",\"urlTemplate\":\"https:\/\/www.burmett-gr.com\/?s={search_term_string}\"},\"query-input\":{\"@type\":\"PropertyValueSpecification\",\"valueRequired\":true,\"valueName\":\"search_term_string\"}}],\"inLanguage\":\"fr-FR\"},{\"@type\":\"Organization\",\"@id\":\"https:\/\/www.burmett-gr.com\/#organization\",\"name\":\"BURMETT-GR\",\"url\":\"https:\/\/www.burmett-gr.com\/\",\"logo\":{\"@type\":\"ImageObject\",\"inLanguage\":\"fr-FR\",\"@id\":\"https:\/\/www.burmett-gr.com\/#\/schema\/logo\/image\/\",\"url\":\"https:\/\/www.burmett-gr.com\/wp-content\/uploads\/2020\/04\/Screenshot_2020-04-15-Vistaprint.png\",\"contentUrl\":\"https:\/\/www.burmett-gr.com\/wp-content\/uploads\/2020\/04\/Screenshot_2020-04-15-Vistaprint.png\",\"width\":668,\"height\":294,\"caption\":\"BURMETT-GR\"},\"image\":{\"@id\":\"https:\/\/www.burmett-gr.com\/#\/schema\/logo\/image\/\"},\"sameAs\":[\"https:\/\/www.facebook.com\/burmett.gr\/\",\"https:\/\/www.instagram.com\/burmett_oran\/\",\"https:\/\/www.pinterest.fr\/burmettgr\/\"]}]}<\/script>\n<!-- \/ Yoast SEO plugin. -->","yoast_head_json":{"title":"accueil - Mat\u00e9riel BURMETT-GR","description":"EQUITONE est un mat\u00e9riau de fa\u00e7ade teint\u00e9 dans la masse, d\u00e9velopp\u00e9 avec les architectes, pour les architectes. Nous produisons des panneaux de fa\u00e7ade.","robots":{"index":"index","follow":"follow","max-snippet":"max-snippet:-1","max-image-preview":"max-image-preview:large","max-video-preview":"max-video-preview:-1"},"canonical":"https:\/\/www.burmett-gr.com\/","og_locale":"fr_FR","og_type":"article","og_title":"accueil - Mat\u00e9riel BURMETT-GR","og_description":"EQUITONE est un mat\u00e9riau de fa\u00e7ade teint\u00e9 dans la masse, d\u00e9velopp\u00e9 avec les architectes, pour les architectes. Nous produisons des panneaux de fa\u00e7ade.","og_url":"https:\/\/www.burmett-gr.com\/","og_site_name":"Mat\u00e9riel","article_publisher":"https:\/\/www.facebook.com\/burmett.gr\/","article_modified_time":"2025-04-29T13:17:40+00:00","og_image":[{"width":1600,"height":871,"url":"https:\/\/www.burmett-gr.com\/wp-content\/uploads\/2019\/10\/7-4-1.png","type":"image\/png"}],"twitter_card":"summary_large_image","twitter_misc":{"Dur\u00e9e de lecture estim\u00e9e":"6 minutes"},"schema":{"@context":"https:\/\/schema.org","@graph":[{"@type":"WebPage","@id":"https:\/\/www.burmett-gr.com\/","url":"https:\/\/www.burmett-gr.com\/","name":"accueil - Mat\u00e9riel BURMETT-GR","isPartOf":{"@id":"https:\/\/www.burmett-gr.com\/#website"},"primaryImageOfPage":{"@id":"https:\/\/www.burmett-gr.com\/#primaryimage"},"image":{"@id":"https:\/\/www.burmett-gr.com\/#primaryimage"},"thumbnailUrl":"https:\/\/www.burmett-gr.com\/wp-content\/uploads\/2019\/10\/7-4-1.png","datePublished":"2019-10-16T14:25:17+00:00","dateModified":"2025-04-29T13:17:40+00:00","description":"EQUITONE est un mat\u00e9riau de fa\u00e7ade teint\u00e9 dans la masse, d\u00e9velopp\u00e9 avec les architectes, pour les architectes. Nous produisons des panneaux de fa\u00e7ade.","breadcrumb":{"@id":"https:\/\/www.burmett-gr.com\/#breadcrumb"},"inLanguage":"fr-FR","potentialAction":[{"@type":"ReadAction","target":["https:\/\/www.burmett-gr.com\/"]}]},{"@type":"ImageObject","inLanguage":"fr-FR","@id":"https:\/\/www.burmett-gr.com\/#primaryimage","url":"https:\/\/www.burmett-gr.com\/wp-content\/uploads\/2019\/10\/7-4-1.png","contentUrl":"https:\/\/www.burmett-gr.com\/wp-content\/uploads\/2019\/10\/7-4-1.png","width":1600,"height":871},{"@type":"BreadcrumbList","@id":"https:\/\/www.burmett-gr.com\/#breadcrumb","itemListElement":[{"@type":"ListItem","position":1,"name":"Accueil","item":"https:\/\/www.burmett-gr.com\/"},{"@type":"ListItem","position":2,"name":"accueil"}]},{"@type":"WebSite","@id":"https:\/\/www.burmett-gr.com\/#website","url":"https:\/\/www.burmett-gr.com\/","name":"Mat\u00e9riel","description":"ALGERIE","publisher":{"@id":"https:\/\/www.burmett-gr.com\/#organization"},"potentialAction":[{"@type":"SearchAction","target":{"@type":"EntryPoint","urlTemplate":"https:\/\/www.burmett-gr.com\/?s={search_term_string}"},"query-input":{"@type":"PropertyValueSpecification","valueRequired":true,"valueName":"search_term_string"}}],"inLanguage":"fr-FR"},{"@type":"Organization","@id":"https:\/\/www.burmett-gr.com\/#organization","name":"BURMETT-GR","url":"https:\/\/www.burmett-gr.com\/","logo":{"@type":"ImageObject","inLanguage":"fr-FR","@id":"https:\/\/www.burmett-gr.com\/#\/schema\/logo\/image\/","url":"https:\/\/www.burmett-gr.com\/wp-content\/uploads\/2020\/04\/Screenshot_2020-04-15-Vistaprint.png","contentUrl":"https:\/\/www.burmett-gr.com\/wp-content\/uploads\/2020\/04\/Screenshot_2020-04-15-Vistaprint.png","width":668,"height":294,"caption":"BURMETT-GR"},"image":{"@id":"https:\/\/www.burmett-gr.com\/#\/schema\/logo\/image\/"},"sameAs":["https:\/\/www.facebook.com\/burmett.gr\/","https:\/\/www.instagram.com\/burmett_oran\/","https:\/\/www.pinterest.fr\/burmettgr\/"]}]}},"_links":{"self":[{"href":"https:\/\/www.burmett-gr.com\/index.php\/wp-json\/wp\/v2\/pages\/8","targetHints":{"allow":["GET"]}}],"collection":[{"href":"https:\/\/www.burmett-gr.com\/index.php\/wp-json\/wp\/v2\/pages"}],"about":[{"href":"https:\/\/www.burmett-gr.com\/index.php\/wp-json\/wp\/v2\/types\/page"}],"author":[{"embeddable":true,"href":"https:\/\/www.burmett-gr.com\/index.php\/wp-json\/wp\/v2\/users\/1"}],"replies":[{"embeddable":true,"href":"https:\/\/www.burmett-gr.com\/index.php\/wp-json\/wp\/v2\/comments?post=8"}],"version-history":[{"count":307,"href":"https:\/\/www.burmett-gr.com\/index.php\/wp-json\/wp\/v2\/pages\/8\/revisions"}],"predecessor-version":[{"id":3231,"href":"https:\/\/www.burmett-gr.com\/index.php\/wp-json\/wp\/v2\/pages\/8\/revisions\/3231"}],"wp:featuredmedia":[{"embeddable":true,"href":"https:\/\/www.burmett-gr.com\/index.php\/wp-json\/wp\/v2\/media\/1187"}],"wp:attachment":[{"href":"https:\/\/www.burmett-gr.com\/index.php\/wp-json\/wp\/v2\/media?parent=8"}],"curies":[{"name":"wp","href":"https:\/\/api.w.org\/{rel}","templated":true}]}}