{"id":521,"date":"2019-10-19T12:19:13","date_gmt":"2019-10-19T10:19:13","guid":{"rendered":"http:\/\/www.burmett-gr.com\/?page_id=521"},"modified":"2019-12-18T13:24:40","modified_gmt":"2019-12-18T12:24:40","slug":"cedral-photos","status":"publish","type":"page","link":"https:\/\/www.burmett-gr.com\/index.php\/cedral-photos\/","title":{"rendered":"c\u00e9dral-photos"},"content":{"rendered":"\t\t<div data-elementor-type=\"wp-page\" data-elementor-id=\"521\" class=\"elementor elementor-521\">\n\t\t\t\t\t\t\t\t\t<section class=\"elementor-section elementor-top-section elementor-element elementor-element-180e469 elementor-section-boxed elementor-section-height-default elementor-section-height-default\" data-id=\"180e469\" data-element_type=\"section\">\n\t\t\t\t\t\t<div class=\"elementor-container elementor-column-gap-default\">\n\t\t\t\t\t<div class=\"elementor-column elementor-col-100 elementor-top-column elementor-element elementor-element-1f56481\" data-id=\"1f56481\" data-element_type=\"column\">\n\t\t\t<div class=\"elementor-widget-wrap elementor-element-populated\">\n\t\t\t\t\t\t\t\t<div class=\"elementor-element elementor-element-c07735d elementor-widget elementor-widget-image\" data-id=\"c07735d\" data-element_type=\"widget\" data-widget_type=\"image.default\">\n\t\t\t\t<div class=\"elementor-widget-container\">\n\t\t\t\t\t\t\t\t\t\t\t\t\t\t\t<img loading=\"lazy\" decoding=\"async\" width=\"463\" height=\"109\" src=\"https:\/\/www.burmett-gr.com\/wp-content\/uploads\/2019\/10\/logo.c.png\" class=\"attachment-large size-large wp-image-132\" alt=\"\" srcset=\"https:\/\/www.burmett-gr.com\/wp-content\/uploads\/2019\/10\/logo.c.png 463w, https:\/\/www.burmett-gr.com\/wp-content\/uploads\/2019\/10\/logo.c-300x71.png 300w, https:\/\/www.burmett-gr.com\/wp-content\/uploads\/2019\/10\/logo.c-370x87.png 370w\" sizes=\"auto, (max-width: 463px) 100vw, 463px\" \/>\t\t\t\t\t\t\t\t\t\t\t\t\t\t\t<\/div>\n\t\t\t\t<\/div>\n\t\t\t\t\t<\/div>\n\t\t<\/div>\n\t\t\t\t\t\t\t<\/div>\n\t\t<\/section>\n\t\t\t\t<section class=\"elementor-section elementor-top-section elementor-element elementor-element-d2e5291 elementor-section-boxed elementor-section-height-default elementor-section-height-default\" data-id=\"d2e5291\" data-element_type=\"section\">\n\t\t\t\t\t\t<div class=\"elementor-container elementor-column-gap-default\">\n\t\t\t\t\t<div class=\"elementor-column elementor-col-100 elementor-top-column elementor-element elementor-element-76669ff\" data-id=\"76669ff\" data-element_type=\"column\">\n\t\t\t<div class=\"elementor-widget-wrap elementor-element-populated\">\n\t\t\t\t\t\t\t\t<div class=\"elementor-element elementor-element-2bc58b6 elementor-arrows-position-inside elementor-pagination-position-outside elementor-widget elementor-widget-image-carousel\" data-id=\"2bc58b6\" data-element_type=\"widget\" data-settings=\"{&quot;slides_to_show&quot;:&quot;1&quot;,&quot;navigation&quot;:&quot;both&quot;,&quot;autoplay&quot;:&quot;yes&quot;,&quot;pause_on_hover&quot;:&quot;yes&quot;,&quot;pause_on_interaction&quot;:&quot;yes&quot;,&quot;autoplay_speed&quot;:5000,&quot;infinite&quot;:&quot;yes&quot;,&quot;effect&quot;:&quot;slide&quot;,&quot;speed&quot;:500}\" data-widget_type=\"image-carousel.default\">\n\t\t\t\t<div class=\"elementor-widget-container\">\n\t\t\t\t\t<div class=\"elementor-image-carousel-wrapper swiper-container\" dir=\"ltr\">\n\t\t\t<div class=\"elementor-image-carousel swiper-wrapper\" aria-live=\"off\">\n\t\t\t\t\t\t\t\t<div class=\"swiper-slide\" role=\"group\" aria-roledescription=\"slide\" aria-label=\"1 sur 17\"><figure class=\"swiper-slide-inner\"><img decoding=\"async\" class=\"swiper-slide-image\" src=\"https:\/\/www.burmett-gr.com\/wp-content\/uploads\/2019\/12\/HG5-1024x477.jpg\" alt=\"HG5\" \/><\/figure><\/div><div class=\"swiper-slide\" role=\"group\" aria-roledescription=\"slide\" aria-label=\"2 sur 17\"><figure class=\"swiper-slide-inner\"><img decoding=\"async\" class=\"swiper-slide-image\" src=\"https:\/\/www.burmett-gr.com\/wp-content\/uploads\/2019\/12\/HG4-1024x477.jpg\" alt=\"HG4\" \/><\/figure><\/div><div class=\"swiper-slide\" role=\"group\" aria-roledescription=\"slide\" aria-label=\"3 sur 17\"><figure class=\"swiper-slide-inner\"><img decoding=\"async\" class=\"swiper-slide-image\" src=\"https:\/\/www.burmett-gr.com\/wp-content\/uploads\/2019\/12\/HG2-1024x477.jpg\" alt=\"HG2\" \/><\/figure><\/div><div class=\"swiper-slide\" role=\"group\" aria-roledescription=\"slide\" aria-label=\"4 sur 17\"><figure class=\"swiper-slide-inner\"><img decoding=\"async\" class=\"swiper-slide-image\" src=\"https:\/\/www.burmett-gr.com\/wp-content\/uploads\/2019\/12\/HG-1024x477.jpg\" alt=\"HG\" \/><\/figure><\/div><div class=\"swiper-slide\" role=\"group\" aria-roledescription=\"slide\" aria-label=\"5 sur 17\"><figure class=\"swiper-slide-inner\"><img decoding=\"async\" class=\"swiper-slide-image\" src=\"https:\/\/www.burmett-gr.com\/wp-content\/uploads\/2019\/12\/HC4-1024x477.jpg\" alt=\"HC4\" \/><\/figure><\/div><div class=\"swiper-slide\" role=\"group\" aria-roledescription=\"slide\" aria-label=\"6 sur 17\"><figure class=\"swiper-slide-inner\"><img decoding=\"async\" class=\"swiper-slide-image\" src=\"https:\/\/www.burmett-gr.com\/wp-content\/uploads\/2019\/12\/HC3-1024x477.jpg\" alt=\"HC3\" \/><\/figure><\/div><div class=\"swiper-slide\" role=\"group\" aria-roledescription=\"slide\" aria-label=\"7 sur 17\"><figure class=\"swiper-slide-inner\"><img decoding=\"async\" class=\"swiper-slide-image\" src=\"https:\/\/www.burmett-gr.com\/wp-content\/uploads\/2019\/12\/HC2-1024x477.jpg\" alt=\"HC2\" \/><\/figure><\/div><div class=\"swiper-slide\" role=\"group\" aria-roledescription=\"slide\" aria-label=\"8 sur 17\"><figure class=\"swiper-slide-inner\"><img decoding=\"async\" class=\"swiper-slide-image\" src=\"https:\/\/www.burmett-gr.com\/wp-content\/uploads\/2019\/12\/HC-1024x477.jpg\" alt=\"HC\" \/><\/figure><\/div><div class=\"swiper-slide\" role=\"group\" aria-roledescription=\"slide\" aria-label=\"9 sur 17\"><figure class=\"swiper-slide-inner\"><img decoding=\"async\" class=\"swiper-slide-image\" src=\"https:\/\/www.burmett-gr.com\/wp-content\/uploads\/2019\/10\/FC2-1024x477.jpg\" alt=\"FC2\" \/><\/figure><\/div><div class=\"swiper-slide\" role=\"group\" aria-roledescription=\"slide\" aria-label=\"10 sur 17\"><figure class=\"swiper-slide-inner\"><img decoding=\"async\" class=\"swiper-slide-image\" src=\"https:\/\/www.burmett-gr.com\/wp-content\/uploads\/2019\/10\/I.C8-1024x477.jpg\" alt=\"I.C8\" \/><\/figure><\/div><div class=\"swiper-slide\" role=\"group\" aria-roledescription=\"slide\" aria-label=\"11 sur 17\"><figure class=\"swiper-slide-inner\"><img decoding=\"async\" class=\"swiper-slide-image\" src=\"https:\/\/www.burmett-gr.com\/wp-content\/uploads\/2019\/10\/Screenshot_20190120-190617-1024x576.png\" alt=\"Screenshot_20190120-190617\" \/><\/figure><\/div><div class=\"swiper-slide\" role=\"group\" aria-roledescription=\"slide\" aria-label=\"12 sur 17\"><figure class=\"swiper-slide-inner\"><img decoding=\"async\" class=\"swiper-slide-image\" src=\"https:\/\/www.burmett-gr.com\/wp-content\/uploads\/2019\/10\/Screenshot_2019-10-19-doc-Cedral_20p-indd-brochure_cedral_2019-pdf-1024x845.png\" alt=\"Screenshot_2019-10-19 doc Cedral_20p indd - brochure_cedral_2019 pdf\" \/><\/figure><\/div><div class=\"swiper-slide\" role=\"group\" aria-roledescription=\"slide\" aria-label=\"13 sur 17\"><figure class=\"swiper-slide-inner\"><img decoding=\"async\" class=\"swiper-slide-image\" src=\"https:\/\/www.burmett-gr.com\/wp-content\/uploads\/2019\/10\/CEDRAL_wood_click.jpg\" alt=\"CEDRAL_wood_click\" \/><\/figure><\/div><div class=\"swiper-slide\" role=\"group\" aria-roledescription=\"slide\" aria-label=\"14 sur 17\"><figure class=\"swiper-slide-inner\"><img decoding=\"async\" class=\"swiper-slide-image\" src=\"https:\/\/www.burmett-gr.com\/wp-content\/uploads\/2019\/10\/bure1.jpg\" alt=\"bure1\" \/><\/figure><\/div><div class=\"swiper-slide\" role=\"group\" aria-roledescription=\"slide\" aria-label=\"15 sur 17\"><figure class=\"swiper-slide-inner\"><img decoding=\"async\" class=\"swiper-slide-image\" src=\"https:\/\/www.burmett-gr.com\/wp-content\/uploads\/2019\/10\/cedral-nuancier-.png\" alt=\"cedral nuancier -\" \/><\/figure><\/div><div class=\"swiper-slide\" role=\"group\" aria-roledescription=\"slide\" aria-label=\"16 sur 17\"><figure class=\"swiper-slide-inner\"><img decoding=\"async\" class=\"swiper-slide-image\" src=\"https:\/\/www.burmett-gr.com\/wp-content\/uploads\/2019\/10\/Cedral-Lap-1024x292.jpg\" alt=\"Cedral Lap\" \/><\/figure><\/div><div class=\"swiper-slide\" role=\"group\" aria-roledescription=\"slide\" aria-label=\"17 sur 17\"><figure class=\"swiper-slide-inner\"><img decoding=\"async\" class=\"swiper-slide-image\" src=\"https:\/\/www.burmett-gr.com\/wp-content\/uploads\/2019\/10\/Ce\u0301dral0-1024x672.jpg\" alt=\"Ce\u0301dral0\" \/><\/figure><\/div>\t\t\t<\/div>\n\t\t\t\t\t\t\t\t\t\t\t\t<div class=\"elementor-swiper-button elementor-swiper-button-prev\" role=\"button\" tabindex=\"0\">\n\t\t\t\t\t\t<i aria-hidden=\"true\" class=\"eicon-chevron-left\"><\/i>\t\t\t\t\t<\/div>\n\t\t\t\t\t<div class=\"elementor-swiper-button elementor-swiper-button-next\" role=\"button\" tabindex=\"0\">\n\t\t\t\t\t\t<i aria-hidden=\"true\" class=\"eicon-chevron-right\"><\/i>\t\t\t\t\t<\/div>\n\t\t\t\t\n\t\t\t\t\t\t\t\t\t<div class=\"swiper-pagination\"><\/div>\n\t\t\t\t\t\t\t\t\t<\/div>\n\t\t\t\t<\/div>\n\t\t\t\t<\/div>\n\t\t\t\t\t<\/div>\n\t\t<\/div>\n\t\t\t\t\t\t\t<\/div>\n\t\t<\/section>\n\t\t\t\t<section class=\"elementor-section elementor-top-section elementor-element elementor-element-4299a32 elementor-section-boxed elementor-section-height-default elementor-section-height-default\" data-id=\"4299a32\" data-element_type=\"section\">\n\t\t\t\t\t\t<div class=\"elementor-container elementor-column-gap-default\">\n\t\t\t\t\t<div class=\"elementor-column elementor-col-100 elementor-top-column elementor-element elementor-element-04e4962\" data-id=\"04e4962\" data-element_type=\"column\">\n\t\t\t<div class=\"elementor-widget-wrap elementor-element-populated\">\n\t\t\t\t\t\t\t\t<div class=\"elementor-element elementor-element-28ca595 elementor-widget elementor-widget-text-editor\" data-id=\"28ca595\" data-element_type=\"widget\" data-widget_type=\"text-editor.default\">\n\t\t\t\t<div class=\"elementor-widget-container\">\n\t\t\t\t\t\t\t<h2 style=\"text-align: center;\"><span style=\"text-decoration: underline;\"><span style=\"color: #a48838;\"><strong><em>Suivez-nous sur :<\/em><\/strong><\/span><\/span><\/h2>\t\t\t\t\t\t<\/div>\n\t\t\t\t<\/div>\n\t\t\t\t\t<\/div>\n\t\t<\/div>\n\t\t\t\t\t\t\t<\/div>\n\t\t<\/section>\n\t\t\t\t<section class=\"elementor-section elementor-top-section elementor-element elementor-element-8192636 elementor-section-boxed elementor-section-height-default elementor-section-height-default\" data-id=\"8192636\" data-element_type=\"section\">\n\t\t\t\t\t\t<div class=\"elementor-container elementor-column-gap-default\">\n\t\t\t\t\t<div class=\"elementor-column elementor-col-100 elementor-top-column elementor-element elementor-element-dd8fa77\" data-id=\"dd8fa77\" data-element_type=\"column\">\n\t\t\t<div class=\"elementor-widget-wrap elementor-element-populated\">\n\t\t\t\t\t\t\t\t<div class=\"elementor-element elementor-element-2d572f4 elementor-shape-circle elementor-grid-0 e-grid-align-center elementor-widget elementor-widget-social-icons\" data-id=\"2d572f4\" data-element_type=\"widget\" data-widget_type=\"social-icons.default\">\n\t\t\t\t<div class=\"elementor-widget-container\">\n\t\t\t\t\t<div class=\"elementor-social-icons-wrapper elementor-grid\">\n\t\t\t\t\t\t\t<span class=\"elementor-grid-item\">\n\t\t\t\t\t<a class=\"elementor-icon elementor-social-icon elementor-social-icon-facebook elementor-repeater-item-b5d28c2\" href=\"https:\/\/www.facebook.com\/burmett.gr\/\" target=\"_blank\">\n\t\t\t\t\t\t<span class=\"elementor-screen-only\">Facebook<\/span>\n\t\t\t\t\t\t<i class=\"fab fa-facebook\"><\/i>\t\t\t\t\t<\/a>\n\t\t\t\t<\/span>\n\t\t\t\t\t\t\t<span class=\"elementor-grid-item\">\n\t\t\t\t\t<a class=\"elementor-icon elementor-social-icon elementor-social-icon-twitter elementor-repeater-item-0f89e74\" href=\"https:\/\/twitter.com\/AzedineDali?s=09\" target=\"_blank\">\n\t\t\t\t\t\t<span class=\"elementor-screen-only\">Twitter<\/span>\n\t\t\t\t\t\t<i class=\"fab fa-twitter\"><\/i>\t\t\t\t\t<\/a>\n\t\t\t\t<\/span>\n\t\t\t\t\t\t\t<span class=\"elementor-grid-item\">\n\t\t\t\t\t<a class=\"elementor-icon elementor-social-icon elementor-social-icon-linkedin elementor-repeater-item-b0ad254\" href=\"https:\/\/www.linkedin.com\/in\/burmett-gr-tihaji-71520418a\/\" target=\"_blank\">\n\t\t\t\t\t\t<span class=\"elementor-screen-only\">Linkedin<\/span>\n\t\t\t\t\t\t<i class=\"fab fa-linkedin\"><\/i>\t\t\t\t\t<\/a>\n\t\t\t\t<\/span>\n\t\t\t\t\t\t\t<span class=\"elementor-grid-item\">\n\t\t\t\t\t<a class=\"elementor-icon elementor-social-icon elementor-social-icon-pinterest elementor-repeater-item-7dcef2a\" href=\"https:\/\/www.pinterest.fr\/burmettgr\/\" target=\"_blank\">\n\t\t\t\t\t\t<span class=\"elementor-screen-only\">Pinterest<\/span>\n\t\t\t\t\t\t<i class=\"fab fa-pinterest\"><\/i>\t\t\t\t\t<\/a>\n\t\t\t\t<\/span>\n\t\t\t\t\t\t\t<span class=\"elementor-grid-item\">\n\t\t\t\t\t<a class=\"elementor-icon elementor-social-icon elementor-social-icon-instagram elementor-repeater-item-dde5c87\" href=\"https:\/\/www.instagram.com\/burmett_oran\/\" target=\"_blank\">\n\t\t\t\t\t\t<span class=\"elementor-screen-only\">Instagram<\/span>\n\t\t\t\t\t\t<i class=\"fab fa-instagram\"><\/i>\t\t\t\t\t<\/a>\n\t\t\t\t<\/span>\n\t\t\t\t\t<\/div>\n\t\t\t\t<\/div>\n\t\t\t\t<\/div>\n\t\t\t\t\t<\/div>\n\t\t<\/div>\n\t\t\t\t\t\t\t<\/div>\n\t\t<\/section>\n\t\t\t\t\t\t\t<\/div>\n\t\t","protected":false},"excerpt":{"rendered":"<p>Pr\u00e9c\u00e9dent Suivant Suivez-nous sur : Facebook Twitter Linkedin Pinterest Instagram<\/p>\n","protected":false},"author":1,"featured_media":0,"parent":0,"menu_order":0,"comment_status":"closed","ping_status":"closed","template":"","meta":{"footnotes":""},"class_list":["post-521","page","type-page","status-publish","hentry"],"yoast_head":"<!-- This site is optimized with the Yoast SEO plugin v24.9 - https:\/\/yoast.com\/wordpress\/plugins\/seo\/ -->\n<title>c\u00e9dral-photos - Mat\u00e9riel<\/title>\n<meta name=\"robots\" content=\"index, follow, max-snippet:-1, max-image-preview:large, max-video-preview:-1\" \/>\n<link rel=\"canonical\" href=\"https:\/\/www.burmett-gr.com\/index.php\/cedral-photos\/\" \/>\n<meta property=\"og:locale\" content=\"fr_FR\" \/>\n<meta property=\"og:type\" content=\"article\" \/>\n<meta property=\"og:title\" content=\"c\u00e9dral-photos - Mat\u00e9riel\" \/>\n<meta property=\"og:description\" content=\"Pr\u00e9c\u00e9dent Suivant Suivez-nous sur : Facebook Twitter Linkedin Pinterest Instagram\" \/>\n<meta property=\"og:url\" content=\"https:\/\/www.burmett-gr.com\/index.php\/cedral-photos\/\" \/>\n<meta property=\"og:site_name\" content=\"Mat\u00e9riel\" \/>\n<meta property=\"article:publisher\" content=\"https:\/\/www.facebook.com\/burmett.gr\/\" \/>\n<meta property=\"article:modified_time\" content=\"2019-12-18T12:24:40+00:00\" \/>\n<meta property=\"og:image\" content=\"http:\/\/www.burmett-gr.com\/wp-content\/uploads\/2019\/10\/logo.c.png\" \/>\n<meta name=\"twitter:card\" content=\"summary_large_image\" \/>\n<script type=\"application\/ld+json\" class=\"yoast-schema-graph\">{\"@context\":\"https:\/\/schema.org\",\"@graph\":[{\"@type\":\"WebPage\",\"@id\":\"https:\/\/www.burmett-gr.com\/index.php\/cedral-photos\/\",\"url\":\"https:\/\/www.burmett-gr.com\/index.php\/cedral-photos\/\",\"name\":\"c\u00e9dral-photos - Mat\u00e9riel\",\"isPartOf\":{\"@id\":\"https:\/\/www.burmett-gr.com\/#website\"},\"primaryImageOfPage\":{\"@id\":\"https:\/\/www.burmett-gr.com\/index.php\/cedral-photos\/#primaryimage\"},\"image\":{\"@id\":\"https:\/\/www.burmett-gr.com\/index.php\/cedral-photos\/#primaryimage\"},\"thumbnailUrl\":\"http:\/\/www.burmett-gr.com\/wp-content\/uploads\/2019\/10\/logo.c.png\",\"datePublished\":\"2019-10-19T10:19:13+00:00\",\"dateModified\":\"2019-12-18T12:24:40+00:00\",\"breadcrumb\":{\"@id\":\"https:\/\/www.burmett-gr.com\/index.php\/cedral-photos\/#breadcrumb\"},\"inLanguage\":\"fr-FR\",\"potentialAction\":[{\"@type\":\"ReadAction\",\"target\":[\"https:\/\/www.burmett-gr.com\/index.php\/cedral-photos\/\"]}]},{\"@type\":\"ImageObject\",\"inLanguage\":\"fr-FR\",\"@id\":\"https:\/\/www.burmett-gr.com\/index.php\/cedral-photos\/#primaryimage\",\"url\":\"http:\/\/www.burmett-gr.com\/wp-content\/uploads\/2019\/10\/logo.c.png\",\"contentUrl\":\"http:\/\/www.burmett-gr.com\/wp-content\/uploads\/2019\/10\/logo.c.png\"},{\"@type\":\"BreadcrumbList\",\"@id\":\"https:\/\/www.burmett-gr.com\/index.php\/cedral-photos\/#breadcrumb\",\"itemListElement\":[{\"@type\":\"ListItem\",\"position\":1,\"name\":\"Accueil\",\"item\":\"https:\/\/www.burmett-gr.com\/\"},{\"@type\":\"ListItem\",\"position\":2,\"name\":\"c\u00e9dral-photos\"}]},{\"@type\":\"WebSite\",\"@id\":\"https:\/\/www.burmett-gr.com\/#website\",\"url\":\"https:\/\/www.burmett-gr.com\/\",\"name\":\"Mat\u00e9riel\",\"description\":\"ALGERIE\",\"publisher\":{\"@id\":\"https:\/\/www.burmett-gr.com\/#organization\"},\"potentialAction\":[{\"@type\":\"SearchAction\",\"target\":{\"@type\":\"EntryPoint\",\"urlTemplate\":\"https:\/\/www.burmett-gr.com\/?s={search_term_string}\"},\"query-input\":{\"@type\":\"PropertyValueSpecification\",\"valueRequired\":true,\"valueName\":\"search_term_string\"}}],\"inLanguage\":\"fr-FR\"},{\"@type\":\"Organization\",\"@id\":\"https:\/\/www.burmett-gr.com\/#organization\",\"name\":\"BURMETT-GR\",\"url\":\"https:\/\/www.burmett-gr.com\/\",\"logo\":{\"@type\":\"ImageObject\",\"inLanguage\":\"fr-FR\",\"@id\":\"https:\/\/www.burmett-gr.com\/#\/schema\/logo\/image\/\",\"url\":\"https:\/\/www.burmett-gr.com\/wp-content\/uploads\/2020\/04\/Screenshot_2020-04-15-Vistaprint.png\",\"contentUrl\":\"https:\/\/www.burmett-gr.com\/wp-content\/uploads\/2020\/04\/Screenshot_2020-04-15-Vistaprint.png\",\"width\":668,\"height\":294,\"caption\":\"BURMETT-GR\"},\"image\":{\"@id\":\"https:\/\/www.burmett-gr.com\/#\/schema\/logo\/image\/\"},\"sameAs\":[\"https:\/\/www.facebook.com\/burmett.gr\/\",\"https:\/\/www.instagram.com\/burmett_oran\/\",\"https:\/\/www.pinterest.fr\/burmettgr\/\"]}]}<\/script>\n<!-- \/ Yoast SEO plugin. -->","yoast_head_json":{"title":"c\u00e9dral-photos - Mat\u00e9riel","robots":{"index":"index","follow":"follow","max-snippet":"max-snippet:-1","max-image-preview":"max-image-preview:large","max-video-preview":"max-video-preview:-1"},"canonical":"https:\/\/www.burmett-gr.com\/index.php\/cedral-photos\/","og_locale":"fr_FR","og_type":"article","og_title":"c\u00e9dral-photos - Mat\u00e9riel","og_description":"Pr\u00e9c\u00e9dent Suivant Suivez-nous sur : Facebook Twitter Linkedin Pinterest Instagram","og_url":"https:\/\/www.burmett-gr.com\/index.php\/cedral-photos\/","og_site_name":"Mat\u00e9riel","article_publisher":"https:\/\/www.facebook.com\/burmett.gr\/","article_modified_time":"2019-12-18T12:24:40+00:00","og_image":[{"url":"http:\/\/www.burmett-gr.com\/wp-content\/uploads\/2019\/10\/logo.c.png","type":"","width":"","height":""}],"twitter_card":"summary_large_image","schema":{"@context":"https:\/\/schema.org","@graph":[{"@type":"WebPage","@id":"https:\/\/www.burmett-gr.com\/index.php\/cedral-photos\/","url":"https:\/\/www.burmett-gr.com\/index.php\/cedral-photos\/","name":"c\u00e9dral-photos - Mat\u00e9riel","isPartOf":{"@id":"https:\/\/www.burmett-gr.com\/#website"},"primaryImageOfPage":{"@id":"https:\/\/www.burmett-gr.com\/index.php\/cedral-photos\/#primaryimage"},"image":{"@id":"https:\/\/www.burmett-gr.com\/index.php\/cedral-photos\/#primaryimage"},"thumbnailUrl":"http:\/\/www.burmett-gr.com\/wp-content\/uploads\/2019\/10\/logo.c.png","datePublished":"2019-10-19T10:19:13+00:00","dateModified":"2019-12-18T12:24:40+00:00","breadcrumb":{"@id":"https:\/\/www.burmett-gr.com\/index.php\/cedral-photos\/#breadcrumb"},"inLanguage":"fr-FR","potentialAction":[{"@type":"ReadAction","target":["https:\/\/www.burmett-gr.com\/index.php\/cedral-photos\/"]}]},{"@type":"ImageObject","inLanguage":"fr-FR","@id":"https:\/\/www.burmett-gr.com\/index.php\/cedral-photos\/#primaryimage","url":"http:\/\/www.burmett-gr.com\/wp-content\/uploads\/2019\/10\/logo.c.png","contentUrl":"http:\/\/www.burmett-gr.com\/wp-content\/uploads\/2019\/10\/logo.c.png"},{"@type":"BreadcrumbList","@id":"https:\/\/www.burmett-gr.com\/index.php\/cedral-photos\/#breadcrumb","itemListElement":[{"@type":"ListItem","position":1,"name":"Accueil","item":"https:\/\/www.burmett-gr.com\/"},{"@type":"ListItem","position":2,"name":"c\u00e9dral-photos"}]},{"@type":"WebSite","@id":"https:\/\/www.burmett-gr.com\/#website","url":"https:\/\/www.burmett-gr.com\/","name":"Mat\u00e9riel","description":"ALGERIE","publisher":{"@id":"https:\/\/www.burmett-gr.com\/#organization"},"potentialAction":[{"@type":"SearchAction","target":{"@type":"EntryPoint","urlTemplate":"https:\/\/www.burmett-gr.com\/?s={search_term_string}"},"query-input":{"@type":"PropertyValueSpecification","valueRequired":true,"valueName":"search_term_string"}}],"inLanguage":"fr-FR"},{"@type":"Organization","@id":"https:\/\/www.burmett-gr.com\/#organization","name":"BURMETT-GR","url":"https:\/\/www.burmett-gr.com\/","logo":{"@type":"ImageObject","inLanguage":"fr-FR","@id":"https:\/\/www.burmett-gr.com\/#\/schema\/logo\/image\/","url":"https:\/\/www.burmett-gr.com\/wp-content\/uploads\/2020\/04\/Screenshot_2020-04-15-Vistaprint.png","contentUrl":"https:\/\/www.burmett-gr.com\/wp-content\/uploads\/2020\/04\/Screenshot_2020-04-15-Vistaprint.png","width":668,"height":294,"caption":"BURMETT-GR"},"image":{"@id":"https:\/\/www.burmett-gr.com\/#\/schema\/logo\/image\/"},"sameAs":["https:\/\/www.facebook.com\/burmett.gr\/","https:\/\/www.instagram.com\/burmett_oran\/","https:\/\/www.pinterest.fr\/burmettgr\/"]}]}},"_links":{"self":[{"href":"https:\/\/www.burmett-gr.com\/index.php\/wp-json\/wp\/v2\/pages\/521","targetHints":{"allow":["GET"]}}],"collection":[{"href":"https:\/\/www.burmett-gr.com\/index.php\/wp-json\/wp\/v2\/pages"}],"about":[{"href":"https:\/\/www.burmett-gr.com\/index.php\/wp-json\/wp\/v2\/types\/page"}],"author":[{"embeddable":true,"href":"https:\/\/www.burmett-gr.com\/index.php\/wp-json\/wp\/v2\/users\/1"}],"replies":[{"embeddable":true,"href":"https:\/\/www.burmett-gr.com\/index.php\/wp-json\/wp\/v2\/comments?post=521"}],"version-history":[{"count":11,"href":"https:\/\/www.burmett-gr.com\/index.php\/wp-json\/wp\/v2\/pages\/521\/revisions"}],"predecessor-version":[{"id":1436,"href":"https:\/\/www.burmett-gr.com\/index.php\/wp-json\/wp\/v2\/pages\/521\/revisions\/1436"}],"wp:attachment":[{"href":"https:\/\/www.burmett-gr.com\/index.php\/wp-json\/wp\/v2\/media?parent=521"}],"curies":[{"name":"wp","href":"https:\/\/api.w.org\/{rel}","templated":true}]}}