{"id":200,"date":"2019-10-17T03:12:52","date_gmt":"2019-10-17T01:12:52","guid":{"rendered":"http:\/\/www.burmett-gr.com\/?page_id=200"},"modified":"2020-04-16T03:47:57","modified_gmt":"2020-04-16T01:47:57","slug":"aluminium-verandas","status":"publish","type":"page","link":"https:\/\/www.burmett-gr.com\/index.php\/aluminium-verandas\/","title":{"rendered":"aluminium-v\u00e9randas"},"content":{"rendered":"\t\t<div data-elementor-type=\"wp-page\" data-elementor-id=\"200\" class=\"elementor elementor-200\">\n\t\t\t\t\t\t\t\t\t<section class=\"elementor-section elementor-top-section elementor-element elementor-element-451ea72 elementor-section-boxed elementor-section-height-default elementor-section-height-default\" data-id=\"451ea72\" data-element_type=\"section\">\n\t\t\t\t\t\t<div class=\"elementor-container elementor-column-gap-default\">\n\t\t\t\t\t<div class=\"elementor-column elementor-col-100 elementor-top-column elementor-element elementor-element-097342f\" data-id=\"097342f\" data-element_type=\"column\">\n\t\t\t<div class=\"elementor-widget-wrap elementor-element-populated\">\n\t\t\t\t\t\t\t\t<div class=\"elementor-element elementor-element-4f0001c elementor-widget elementor-widget-text-editor\" data-id=\"4f0001c\" data-element_type=\"widget\" data-widget_type=\"text-editor.default\">\n\t\t\t\t<div class=\"elementor-widget-container\">\n\t\t\t\t\t\t\t<h1 style=\"text-align: center;\">La v\u00e9randa nouvelle g\u00e9n\u00e9ration<\/h1><div class=\"col-xs-12 col-sm-12 col-md-6 col-lg-6 slider-produit\"><div class=\"text-header\"><p>Plus 30% d&rsquo;isolation thermique : on atteint un nouveau seuil de performance avec la nouvelle gamme de v\u00e9randa 70. Poteaux, ch\u00e9neaux ou ch\u00e2ssis : tout a \u00e9t\u00e9 repens\u00e9 pour une \u00e9tanch\u00e9it\u00e9 optimale (prise de vitrage augment\u00e9e, \u00e9paisseur de 70 mm, nouvelle solution \u00e0 rupture thermique totale, nouveaux joints cylindriques et barrettes thermiques).<\/p><p>Des ouvertures plus grandes, jusqu&rsquo;\u00e0 3,8 m\u00e8tres, augmentent l&rsquo;apport solaire. C\u00f4t\u00e9 esth\u00e9tique, la grande finesse des profil\u00e9s offre un design moderne et \u00e9pur\u00e9. La pose, elle aussi, a \u00e9t\u00e9 simplifi\u00e9e gr\u00e2ce \u00e0 de nouvelles ailettes de fixation dans les poteaux, une sabli\u00e8re plus lisse, une nouvelle but\u00e9e de positionnement invisible pour un alignement optimal, des gorges de fixation cach\u00e9es, un double pied de clippage pour un coulissage parfait. Les mat\u00e9riaux solides et r\u00e9sistants s&rsquo;int\u00e8grent parfaitement avec l\u2019ensemble des produits de la gamme (coulissants, portes, frappes&#8230;). \u00a0<\/p><\/div><\/div><div>\u00a0<\/div><div class=\"col-sm-6 img-col \"><img loading=\"lazy\" decoding=\"async\" src=\"https:\/\/www.sepalumic.com\/sites\/default\/files\/styles\/images_sections_produits\/public\/produits\/veranda_aluminium_sepalumic_1.jpg?itok=nxSaxcV9\" alt=\"\" width=\"525\" height=\"350\" \/><\/div><div class=\"txt-col col-sm-6 \"><div class=\"centered-transform\"><h2>Les + Produits<\/h2><ul><li>Performance thermique accrue + 30%\u00a0<\/li><li>Finition \u00e9l\u00e9gante<\/li><li>R\u00e9hausse et lambrequin avec esth\u00e9tique traditionnel (galb\u00e9) ou contemporain (carr\u00e9)<\/li><li>Remplissage en toiture de 6 mm \u00e0 100 mm<\/li><li>Spots LED encastr\u00e9s dans les chevrons<\/li><\/ul><\/div><\/div>\t\t\t\t\t\t<\/div>\n\t\t\t\t<\/div>\n\t\t\t\t\t<\/div>\n\t\t<\/div>\n\t\t\t\t\t\t\t<\/div>\n\t\t<\/section>\n\t\t\t\t<section class=\"elementor-section elementor-top-section elementor-element elementor-element-b3ffd06 elementor-section-boxed elementor-section-height-default elementor-section-height-default\" data-id=\"b3ffd06\" data-element_type=\"section\">\n\t\t\t\t\t\t<div class=\"elementor-container elementor-column-gap-default\">\n\t\t\t\t\t<div class=\"elementor-column elementor-col-100 elementor-top-column elementor-element elementor-element-408236f\" data-id=\"408236f\" data-element_type=\"column\">\n\t\t\t<div class=\"elementor-widget-wrap elementor-element-populated\">\n\t\t\t\t\t\t\t\t<div class=\"elementor-element elementor-element-d61ddbe elementor-widget elementor-widget-text-editor\" data-id=\"d61ddbe\" data-element_type=\"widget\" data-widget_type=\"text-editor.default\">\n\t\t\t\t<div class=\"elementor-widget-container\">\n\t\t\t\t\t\t\t<p>\u00a0<\/p><div id=\"produit-s2\" class=\"row\"><div class=\"col-sm-6 txt-col \"><div class=\"centered-transform\"><h2>Vos B\u00e9n\u00e9fices<\/h2><ul><li>Int\u00e9gration compl\u00e8te dans la gamme de 70 mm<\/li><li>Possibilit\u00e9 de grandes dimensions (+ 13% d\u2019ouverture possible)<\/li><li>Compatible : \u00e9pine tubulaire \/ toiture plate \/ pergola<\/li><li>4 types de toitures, 2 types de chenaux<\/li><li>Fabrication et installation simplifi\u00e9e et rapide<\/li><\/ul><\/div><\/div><div class=\"col-sm-6 img-col\"><img loading=\"lazy\" decoding=\"async\" src=\"https:\/\/www.sepalumic.com\/sites\/default\/files\/styles\/images_sections_produits\/public\/produits\/veranda_aluminium_design_et_moderne_-_espace_veranda_poitiers07.jpg?itok=r0HZsWDV\" alt=\"\" width=\"798\" height=\"350\" \/><\/div><\/div>\t\t\t\t\t\t<\/div>\n\t\t\t\t<\/div>\n\t\t\t\t\t<\/div>\n\t\t<\/div>\n\t\t\t\t\t\t\t<\/div>\n\t\t<\/section>\n\t\t\t\t<section class=\"elementor-section elementor-top-section elementor-element elementor-element-b7f8350 elementor-section-boxed elementor-section-height-default elementor-section-height-default\" data-id=\"b7f8350\" data-element_type=\"section\">\n\t\t\t\t\t\t<div class=\"elementor-container elementor-column-gap-default\">\n\t\t\t\t\t<div class=\"elementor-column elementor-col-100 elementor-top-column elementor-element elementor-element-57df67d\" data-id=\"57df67d\" data-element_type=\"column\">\n\t\t\t<div class=\"elementor-widget-wrap elementor-element-populated\">\n\t\t\t\t\t\t\t\t<div class=\"elementor-element elementor-element-0d49a2c elementor-widget elementor-widget-text-editor\" data-id=\"0d49a2c\" data-element_type=\"widget\" data-widget_type=\"text-editor.default\">\n\t\t\t\t<div class=\"elementor-widget-container\">\n\t\t\t\t\t\t\t<p>\u00a0<\/p><div class=\"col-sm-12 \"><h1 style=\"text-align: center;\">Configurations possibles<\/h1><\/div>\t\t\t\t\t\t<\/div>\n\t\t\t\t<\/div>\n\t\t\t\t\t<\/div>\n\t\t<\/div>\n\t\t\t\t\t\t\t<\/div>\n\t\t<\/section>\n\t\t\t\t<section class=\"elementor-section elementor-top-section elementor-element elementor-element-05b3901 elementor-section-boxed elementor-section-height-default elementor-section-height-default\" data-id=\"05b3901\" data-element_type=\"section\">\n\t\t\t\t\t\t<div class=\"elementor-container elementor-column-gap-default\">\n\t\t\t\t\t<div class=\"elementor-column elementor-col-100 elementor-top-column elementor-element elementor-element-3f961db\" data-id=\"3f961db\" data-element_type=\"column\">\n\t\t\t<div class=\"elementor-widget-wrap elementor-element-populated\">\n\t\t\t\t\t\t\t\t<div class=\"elementor-element elementor-element-a6af348 elementor-widget elementor-widget-text-editor\" data-id=\"a6af348\" data-element_type=\"widget\" data-widget_type=\"text-editor.default\">\n\t\t\t\t<div class=\"elementor-widget-container\">\n\t\t\t\t\t\t\t<div class=\"col-sm-12 \"><img loading=\"lazy\" decoding=\"async\" title=\"configuration veranda sepalumic aluminium\" src=\"https:\/\/www.sepalumic.com\/sites\/default\/files\/produits\/configuration_veranda.jpg\" alt=\"configuration veranda sepalumic aluminium\" width=\"3333\" height=\"2083\" \/><\/div>\t\t\t\t\t\t<\/div>\n\t\t\t\t<\/div>\n\t\t\t\t\t<\/div>\n\t\t<\/div>\n\t\t\t\t\t\t\t<\/div>\n\t\t<\/section>\n\t\t\t\t<section class=\"elementor-section elementor-top-section elementor-element elementor-element-66cb3d6 elementor-section-boxed elementor-section-height-default elementor-section-height-default\" data-id=\"66cb3d6\" data-element_type=\"section\">\n\t\t\t\t\t\t<div class=\"elementor-container elementor-column-gap-default\">\n\t\t\t\t\t<div class=\"elementor-column elementor-col-100 elementor-top-column elementor-element elementor-element-c9d4496\" data-id=\"c9d4496\" data-element_type=\"column\">\n\t\t\t<div class=\"elementor-widget-wrap elementor-element-populated\">\n\t\t\t\t\t\t\t\t<div class=\"elementor-element elementor-element-30c2dbf elementor-widget elementor-widget-text-editor\" data-id=\"30c2dbf\" data-element_type=\"widget\" data-widget_type=\"text-editor.default\">\n\t\t\t\t<div class=\"elementor-widget-container\">\n\t\t\t\t\t\t\t<p>\u00a0<\/p><h1 style=\"text-align: center;\">Performances &amp; infos techniques<\/h1>\t\t\t\t\t\t<\/div>\n\t\t\t\t<\/div>\n\t\t\t\t\t<\/div>\n\t\t<\/div>\n\t\t\t\t\t\t\t<\/div>\n\t\t<\/section>\n\t\t\t\t<section class=\"elementor-section elementor-top-section elementor-element elementor-element-ed1fde7 elementor-section-boxed elementor-section-height-default elementor-section-height-default\" data-id=\"ed1fde7\" data-element_type=\"section\">\n\t\t\t\t\t\t<div class=\"elementor-container elementor-column-gap-default\">\n\t\t\t\t\t<div class=\"elementor-column elementor-col-100 elementor-top-column elementor-element elementor-element-9113da1\" data-id=\"9113da1\" data-element_type=\"column\">\n\t\t\t<div class=\"elementor-widget-wrap elementor-element-populated\">\n\t\t\t\t\t\t\t\t<div class=\"elementor-element elementor-element-676adb4 elementor-widget elementor-widget-image\" data-id=\"676adb4\" data-element_type=\"widget\" data-widget_type=\"image.default\">\n\t\t\t\t<div class=\"elementor-widget-container\">\n\t\t\t\t\t\t\t\t\t\t\t\t\t\t\t<img loading=\"lazy\" decoding=\"async\" width=\"640\" height=\"400\" src=\"https:\/\/www.burmett-gr.com\/wp-content\/uploads\/2019\/10\/veranda_7700_coupe_3d_0.jpg\" class=\"attachment-large size-large wp-image-375\" alt=\"\" srcset=\"https:\/\/www.burmett-gr.com\/wp-content\/uploads\/2019\/10\/veranda_7700_coupe_3d_0.jpg 640w, https:\/\/www.burmett-gr.com\/wp-content\/uploads\/2019\/10\/veranda_7700_coupe_3d_0-300x188.jpg 300w, https:\/\/www.burmett-gr.com\/wp-content\/uploads\/2019\/10\/veranda_7700_coupe_3d_0-370x231.jpg 370w\" sizes=\"auto, (max-width: 640px) 100vw, 640px\" \/>\t\t\t\t\t\t\t\t\t\t\t\t\t\t\t<\/div>\n\t\t\t\t<\/div>\n\t\t\t\t\t<\/div>\n\t\t<\/div>\n\t\t\t\t\t\t\t<\/div>\n\t\t<\/section>\n\t\t\t\t\t\t\t<\/div>\n\t\t","protected":false},"excerpt":{"rendered":"<p>La v\u00e9randa nouvelle g\u00e9n\u00e9ration Plus 30% d&rsquo;isolation thermique : on atteint un nouveau seuil de performance avec la nouvelle gamme de v\u00e9randa 70. Poteaux, ch\u00e9neaux ou ch\u00e2ssis : tout a \u00e9t\u00e9 repens\u00e9 pour une \u00e9tanch\u00e9it\u00e9[&#8230;]<\/p>\n","protected":false},"author":1,"featured_media":0,"parent":0,"menu_order":0,"comment_status":"closed","ping_status":"closed","template":"","meta":{"footnotes":""},"class_list":["post-200","page","type-page","status-publish","hentry"],"yoast_head":"<!-- This site is optimized with the Yoast SEO plugin v24.9 - https:\/\/yoast.com\/wordpress\/plugins\/seo\/ -->\n<title>aluminium-v\u00e9randas - Mat\u00e9riel<\/title>\n<meta name=\"robots\" content=\"index, follow, max-snippet:-1, max-image-preview:large, max-video-preview:-1\" \/>\n<link rel=\"canonical\" href=\"https:\/\/www.burmett-gr.com\/index.php\/aluminium-verandas\/\" \/>\n<meta property=\"og:locale\" content=\"fr_FR\" \/>\n<meta property=\"og:type\" content=\"article\" \/>\n<meta property=\"og:title\" content=\"aluminium-v\u00e9randas - Mat\u00e9riel\" \/>\n<meta property=\"og:description\" content=\"La v\u00e9randa nouvelle g\u00e9n\u00e9ration Plus 30% d&rsquo;isolation thermique : on atteint un nouveau seuil de performance avec la nouvelle gamme de v\u00e9randa 70. Poteaux, ch\u00e9neaux ou ch\u00e2ssis : tout a \u00e9t\u00e9 repens\u00e9 pour une \u00e9tanch\u00e9it\u00e9[...]\" \/>\n<meta property=\"og:url\" content=\"https:\/\/www.burmett-gr.com\/index.php\/aluminium-verandas\/\" \/>\n<meta property=\"og:site_name\" content=\"Mat\u00e9riel\" \/>\n<meta property=\"article:publisher\" content=\"https:\/\/www.facebook.com\/burmett.gr\/\" \/>\n<meta property=\"article:modified_time\" content=\"2020-04-16T01:47:57+00:00\" \/>\n<meta property=\"og:image\" content=\"https:\/\/www.sepalumic.com\/sites\/default\/files\/styles\/images_sections_produits\/public\/produits\/veranda_aluminium_sepalumic_1.jpg?itok=nxSaxcV9\" \/>\n<meta name=\"twitter:card\" content=\"summary_large_image\" \/>\n<meta name=\"twitter:label1\" content=\"Dur\u00e9e de lecture estim\u00e9e\" \/>\n\t<meta name=\"twitter:data1\" content=\"1 minute\" \/>\n<script type=\"application\/ld+json\" class=\"yoast-schema-graph\">{\"@context\":\"https:\/\/schema.org\",\"@graph\":[{\"@type\":\"WebPage\",\"@id\":\"https:\/\/www.burmett-gr.com\/index.php\/aluminium-verandas\/\",\"url\":\"https:\/\/www.burmett-gr.com\/index.php\/aluminium-verandas\/\",\"name\":\"aluminium-v\u00e9randas - Mat\u00e9riel\",\"isPartOf\":{\"@id\":\"https:\/\/www.burmett-gr.com\/#website\"},\"primaryImageOfPage\":{\"@id\":\"https:\/\/www.burmett-gr.com\/index.php\/aluminium-verandas\/#primaryimage\"},\"image\":{\"@id\":\"https:\/\/www.burmett-gr.com\/index.php\/aluminium-verandas\/#primaryimage\"},\"thumbnailUrl\":\"https:\/\/www.sepalumic.com\/sites\/default\/files\/styles\/images_sections_produits\/public\/produits\/veranda_aluminium_sepalumic_1.jpg?itok=nxSaxcV9\",\"datePublished\":\"2019-10-17T01:12:52+00:00\",\"dateModified\":\"2020-04-16T01:47:57+00:00\",\"breadcrumb\":{\"@id\":\"https:\/\/www.burmett-gr.com\/index.php\/aluminium-verandas\/#breadcrumb\"},\"inLanguage\":\"fr-FR\",\"potentialAction\":[{\"@type\":\"ReadAction\",\"target\":[\"https:\/\/www.burmett-gr.com\/index.php\/aluminium-verandas\/\"]}]},{\"@type\":\"ImageObject\",\"inLanguage\":\"fr-FR\",\"@id\":\"https:\/\/www.burmett-gr.com\/index.php\/aluminium-verandas\/#primaryimage\",\"url\":\"https:\/\/www.sepalumic.com\/sites\/default\/files\/styles\/images_sections_produits\/public\/produits\/veranda_aluminium_sepalumic_1.jpg?itok=nxSaxcV9\",\"contentUrl\":\"https:\/\/www.sepalumic.com\/sites\/default\/files\/styles\/images_sections_produits\/public\/produits\/veranda_aluminium_sepalumic_1.jpg?itok=nxSaxcV9\"},{\"@type\":\"BreadcrumbList\",\"@id\":\"https:\/\/www.burmett-gr.com\/index.php\/aluminium-verandas\/#breadcrumb\",\"itemListElement\":[{\"@type\":\"ListItem\",\"position\":1,\"name\":\"Accueil\",\"item\":\"https:\/\/www.burmett-gr.com\/\"},{\"@type\":\"ListItem\",\"position\":2,\"name\":\"aluminium-v\u00e9randas\"}]},{\"@type\":\"WebSite\",\"@id\":\"https:\/\/www.burmett-gr.com\/#website\",\"url\":\"https:\/\/www.burmett-gr.com\/\",\"name\":\"Mat\u00e9riel\",\"description\":\"ALGERIE\",\"publisher\":{\"@id\":\"https:\/\/www.burmett-gr.com\/#organization\"},\"potentialAction\":[{\"@type\":\"SearchAction\",\"target\":{\"@type\":\"EntryPoint\",\"urlTemplate\":\"https:\/\/www.burmett-gr.com\/?s={search_term_string}\"},\"query-input\":{\"@type\":\"PropertyValueSpecification\",\"valueRequired\":true,\"valueName\":\"search_term_string\"}}],\"inLanguage\":\"fr-FR\"},{\"@type\":\"Organization\",\"@id\":\"https:\/\/www.burmett-gr.com\/#organization\",\"name\":\"BURMETT-GR\",\"url\":\"https:\/\/www.burmett-gr.com\/\",\"logo\":{\"@type\":\"ImageObject\",\"inLanguage\":\"fr-FR\",\"@id\":\"https:\/\/www.burmett-gr.com\/#\/schema\/logo\/image\/\",\"url\":\"https:\/\/www.burmett-gr.com\/wp-content\/uploads\/2020\/04\/Screenshot_2020-04-15-Vistaprint.png\",\"contentUrl\":\"https:\/\/www.burmett-gr.com\/wp-content\/uploads\/2020\/04\/Screenshot_2020-04-15-Vistaprint.png\",\"width\":668,\"height\":294,\"caption\":\"BURMETT-GR\"},\"image\":{\"@id\":\"https:\/\/www.burmett-gr.com\/#\/schema\/logo\/image\/\"},\"sameAs\":[\"https:\/\/www.facebook.com\/burmett.gr\/\",\"https:\/\/www.instagram.com\/burmett_oran\/\",\"https:\/\/www.pinterest.fr\/burmettgr\/\"]}]}<\/script>\n<!-- \/ Yoast SEO plugin. -->","yoast_head_json":{"title":"aluminium-v\u00e9randas - Mat\u00e9riel","robots":{"index":"index","follow":"follow","max-snippet":"max-snippet:-1","max-image-preview":"max-image-preview:large","max-video-preview":"max-video-preview:-1"},"canonical":"https:\/\/www.burmett-gr.com\/index.php\/aluminium-verandas\/","og_locale":"fr_FR","og_type":"article","og_title":"aluminium-v\u00e9randas - Mat\u00e9riel","og_description":"La v\u00e9randa nouvelle g\u00e9n\u00e9ration Plus 30% d&rsquo;isolation thermique : on atteint un nouveau seuil de performance avec la nouvelle gamme de v\u00e9randa 70. Poteaux, ch\u00e9neaux ou ch\u00e2ssis : tout a \u00e9t\u00e9 repens\u00e9 pour une \u00e9tanch\u00e9it\u00e9[...]","og_url":"https:\/\/www.burmett-gr.com\/index.php\/aluminium-verandas\/","og_site_name":"Mat\u00e9riel","article_publisher":"https:\/\/www.facebook.com\/burmett.gr\/","article_modified_time":"2020-04-16T01:47:57+00:00","og_image":[{"url":"https:\/\/www.sepalumic.com\/sites\/default\/files\/styles\/images_sections_produits\/public\/produits\/veranda_aluminium_sepalumic_1.jpg?itok=nxSaxcV9","type":"","width":"","height":""}],"twitter_card":"summary_large_image","twitter_misc":{"Dur\u00e9e de lecture estim\u00e9e":"1 minute"},"schema":{"@context":"https:\/\/schema.org","@graph":[{"@type":"WebPage","@id":"https:\/\/www.burmett-gr.com\/index.php\/aluminium-verandas\/","url":"https:\/\/www.burmett-gr.com\/index.php\/aluminium-verandas\/","name":"aluminium-v\u00e9randas - Mat\u00e9riel","isPartOf":{"@id":"https:\/\/www.burmett-gr.com\/#website"},"primaryImageOfPage":{"@id":"https:\/\/www.burmett-gr.com\/index.php\/aluminium-verandas\/#primaryimage"},"image":{"@id":"https:\/\/www.burmett-gr.com\/index.php\/aluminium-verandas\/#primaryimage"},"thumbnailUrl":"https:\/\/www.sepalumic.com\/sites\/default\/files\/styles\/images_sections_produits\/public\/produits\/veranda_aluminium_sepalumic_1.jpg?itok=nxSaxcV9","datePublished":"2019-10-17T01:12:52+00:00","dateModified":"2020-04-16T01:47:57+00:00","breadcrumb":{"@id":"https:\/\/www.burmett-gr.com\/index.php\/aluminium-verandas\/#breadcrumb"},"inLanguage":"fr-FR","potentialAction":[{"@type":"ReadAction","target":["https:\/\/www.burmett-gr.com\/index.php\/aluminium-verandas\/"]}]},{"@type":"ImageObject","inLanguage":"fr-FR","@id":"https:\/\/www.burmett-gr.com\/index.php\/aluminium-verandas\/#primaryimage","url":"https:\/\/www.sepalumic.com\/sites\/default\/files\/styles\/images_sections_produits\/public\/produits\/veranda_aluminium_sepalumic_1.jpg?itok=nxSaxcV9","contentUrl":"https:\/\/www.sepalumic.com\/sites\/default\/files\/styles\/images_sections_produits\/public\/produits\/veranda_aluminium_sepalumic_1.jpg?itok=nxSaxcV9"},{"@type":"BreadcrumbList","@id":"https:\/\/www.burmett-gr.com\/index.php\/aluminium-verandas\/#breadcrumb","itemListElement":[{"@type":"ListItem","position":1,"name":"Accueil","item":"https:\/\/www.burmett-gr.com\/"},{"@type":"ListItem","position":2,"name":"aluminium-v\u00e9randas"}]},{"@type":"WebSite","@id":"https:\/\/www.burmett-gr.com\/#website","url":"https:\/\/www.burmett-gr.com\/","name":"Mat\u00e9riel","description":"ALGERIE","publisher":{"@id":"https:\/\/www.burmett-gr.com\/#organization"},"potentialAction":[{"@type":"SearchAction","target":{"@type":"EntryPoint","urlTemplate":"https:\/\/www.burmett-gr.com\/?s={search_term_string}"},"query-input":{"@type":"PropertyValueSpecification","valueRequired":true,"valueName":"search_term_string"}}],"inLanguage":"fr-FR"},{"@type":"Organization","@id":"https:\/\/www.burmett-gr.com\/#organization","name":"BURMETT-GR","url":"https:\/\/www.burmett-gr.com\/","logo":{"@type":"ImageObject","inLanguage":"fr-FR","@id":"https:\/\/www.burmett-gr.com\/#\/schema\/logo\/image\/","url":"https:\/\/www.burmett-gr.com\/wp-content\/uploads\/2020\/04\/Screenshot_2020-04-15-Vistaprint.png","contentUrl":"https:\/\/www.burmett-gr.com\/wp-content\/uploads\/2020\/04\/Screenshot_2020-04-15-Vistaprint.png","width":668,"height":294,"caption":"BURMETT-GR"},"image":{"@id":"https:\/\/www.burmett-gr.com\/#\/schema\/logo\/image\/"},"sameAs":["https:\/\/www.facebook.com\/burmett.gr\/","https:\/\/www.instagram.com\/burmett_oran\/","https:\/\/www.pinterest.fr\/burmettgr\/"]}]}},"_links":{"self":[{"href":"https:\/\/www.burmett-gr.com\/index.php\/wp-json\/wp\/v2\/pages\/200","targetHints":{"allow":["GET"]}}],"collection":[{"href":"https:\/\/www.burmett-gr.com\/index.php\/wp-json\/wp\/v2\/pages"}],"about":[{"href":"https:\/\/www.burmett-gr.com\/index.php\/wp-json\/wp\/v2\/types\/page"}],"author":[{"embeddable":true,"href":"https:\/\/www.burmett-gr.com\/index.php\/wp-json\/wp\/v2\/users\/1"}],"replies":[{"embeddable":true,"href":"https:\/\/www.burmett-gr.com\/index.php\/wp-json\/wp\/v2\/comments?post=200"}],"version-history":[{"count":16,"href":"https:\/\/www.burmett-gr.com\/index.php\/wp-json\/wp\/v2\/pages\/200\/revisions"}],"predecessor-version":[{"id":1595,"href":"https:\/\/www.burmett-gr.com\/index.php\/wp-json\/wp\/v2\/pages\/200\/revisions\/1595"}],"wp:attachment":[{"href":"https:\/\/www.burmett-gr.com\/index.php\/wp-json\/wp\/v2\/media?parent=200"}],"curies":[{"name":"wp","href":"https:\/\/api.w.org\/{rel}","templated":true}]}}