{"id":184,"date":"2019-10-17T03:07:05","date_gmt":"2019-10-17T01:07:05","guid":{"rendered":"http:\/\/www.burmett-gr.com\/?page_id=184"},"modified":"2024-11-11T12:11:35","modified_gmt":"2024-11-11T11:11:35","slug":"equitone-video","status":"publish","type":"page","link":"https:\/\/www.burmett-gr.com\/index.php\/equitone-video\/","title":{"rendered":"vid\u00e9o fibre-ciment"},"content":{"rendered":"\t\t<div data-elementor-type=\"wp-page\" data-elementor-id=\"184\" class=\"elementor elementor-184\">\n\t\t\t\t\t\t\t\t\t<section class=\"elementor-section elementor-top-section elementor-element elementor-element-e13d856 elementor-section-boxed elementor-section-height-default elementor-section-height-default\" data-id=\"e13d856\" data-element_type=\"section\">\n\t\t\t\t\t\t<div class=\"elementor-container elementor-column-gap-default\">\n\t\t\t\t\t<div class=\"elementor-column elementor-col-100 elementor-top-column elementor-element elementor-element-2189d95\" data-id=\"2189d95\" data-element_type=\"column\">\n\t\t\t<div class=\"elementor-widget-wrap elementor-element-populated\">\n\t\t\t\t\t\t\t\t<div class=\"elementor-element elementor-element-d0aa7a5 elementor-widget elementor-widget-text-editor\" data-id=\"d0aa7a5\" data-element_type=\"widget\" data-widget_type=\"text-editor.default\">\n\t\t\t\t<div class=\"elementor-widget-container\">\n\t\t\t\t\t\t\t<h1 style=\"text-align: center;\">L\u2019explication d\u2019une fa\u00e7ade ventil\u00e9e<\/h1>\t\t\t\t\t\t<\/div>\n\t\t\t\t<\/div>\n\t\t\t\t\t<\/div>\n\t\t<\/div>\n\t\t\t\t\t\t\t<\/div>\n\t\t<\/section>\n\t\t\t\t<section class=\"elementor-section elementor-top-section elementor-element elementor-element-42d1f3d elementor-section-boxed elementor-section-height-default elementor-section-height-default\" data-id=\"42d1f3d\" data-element_type=\"section\">\n\t\t\t\t\t\t<div class=\"elementor-container elementor-column-gap-default\">\n\t\t\t\t\t<div class=\"elementor-column elementor-col-100 elementor-top-column elementor-element elementor-element-65351e5\" data-id=\"65351e5\" data-element_type=\"column\">\n\t\t\t<div class=\"elementor-widget-wrap elementor-element-populated\">\n\t\t\t\t\t\t\t\t<div class=\"elementor-element elementor-element-8694cd1 elementor-widget elementor-widget-video\" data-id=\"8694cd1\" data-element_type=\"widget\" data-settings=\"{&quot;youtube_url&quot;:&quot;https:\\\/\\\/www.youtube.com\\\/watch?v=RzvQzMOQeEU&amp;feature=youtu.be&quot;,&quot;video_type&quot;:&quot;youtube&quot;,&quot;controls&quot;:&quot;yes&quot;}\" data-widget_type=\"video.default\">\n\t\t\t\t<div class=\"elementor-widget-container\">\n\t\t\t\t\t<div class=\"elementor-wrapper elementor-open-inline\">\n\t\t\t<div class=\"elementor-video\"><\/div>\t\t<\/div>\n\t\t\t\t<\/div>\n\t\t\t\t<\/div>\n\t\t\t\t\t<\/div>\n\t\t<\/div>\n\t\t\t\t\t\t\t<\/div>\n\t\t<\/section>\n\t\t\t\t<section class=\"elementor-section elementor-top-section elementor-element elementor-element-1f90f2c elementor-section-boxed elementor-section-height-default elementor-section-height-default\" data-id=\"1f90f2c\" data-element_type=\"section\">\n\t\t\t\t\t\t<div class=\"elementor-container elementor-column-gap-default\">\n\t\t\t\t\t<div class=\"elementor-column elementor-col-100 elementor-top-column elementor-element elementor-element-c394fc7\" data-id=\"c394fc7\" data-element_type=\"column\">\n\t\t\t<div class=\"elementor-widget-wrap elementor-element-populated\">\n\t\t\t\t\t\t\t\t<div class=\"elementor-element elementor-element-0866403 elementor-widget elementor-widget-text-editor\" data-id=\"0866403\" data-element_type=\"widget\" data-widget_type=\"text-editor.default\">\n\t\t\t\t<div class=\"elementor-widget-container\">\n\t\t\t\t\t\t\t<h1 style=\"text-align: center;\">performant et \u00e9co-responsable<\/h1>\t\t\t\t\t\t<\/div>\n\t\t\t\t<\/div>\n\t\t\t\t\t<\/div>\n\t\t<\/div>\n\t\t\t\t\t\t\t<\/div>\n\t\t<\/section>\n\t\t\t\t<section class=\"elementor-section elementor-top-section elementor-element elementor-element-8611c06 elementor-section-boxed elementor-section-height-default elementor-section-height-default\" data-id=\"8611c06\" data-element_type=\"section\">\n\t\t\t\t\t\t<div class=\"elementor-container elementor-column-gap-default\">\n\t\t\t\t\t<div class=\"elementor-column elementor-col-100 elementor-top-column elementor-element elementor-element-cac6b70\" data-id=\"cac6b70\" data-element_type=\"column\">\n\t\t\t<div class=\"elementor-widget-wrap elementor-element-populated\">\n\t\t\t\t\t\t\t\t<div class=\"elementor-element elementor-element-38ffe78 elementor-widget elementor-widget-video\" data-id=\"38ffe78\" data-element_type=\"widget\" data-settings=\"{&quot;youtube_url&quot;:&quot;https:\\\/\\\/www.youtube.com\\\/watch?v=JMBWsDmUC0I&amp;t=43s&quot;,&quot;video_type&quot;:&quot;youtube&quot;,&quot;controls&quot;:&quot;yes&quot;}\" data-widget_type=\"video.default\">\n\t\t\t\t<div class=\"elementor-widget-container\">\n\t\t\t\t\t<div class=\"elementor-wrapper elementor-open-inline\">\n\t\t\t<div class=\"elementor-video\"><\/div>\t\t<\/div>\n\t\t\t\t<\/div>\n\t\t\t\t<\/div>\n\t\t\t\t\t<\/div>\n\t\t<\/div>\n\t\t\t\t\t\t\t<\/div>\n\t\t<\/section>\n\t\t\t\t<section class=\"elementor-section elementor-top-section elementor-element elementor-element-80a0099 elementor-section-boxed elementor-section-height-default elementor-section-height-default\" data-id=\"80a0099\" data-element_type=\"section\">\n\t\t\t\t\t\t<div class=\"elementor-container elementor-column-gap-default\">\n\t\t\t\t\t<div class=\"elementor-column elementor-col-100 elementor-top-column elementor-element elementor-element-2293eaf\" data-id=\"2293eaf\" data-element_type=\"column\">\n\t\t\t<div class=\"elementor-widget-wrap elementor-element-populated\">\n\t\t\t\t\t\t\t\t<div class=\"elementor-element elementor-element-69cc0f8 elementor-widget elementor-widget-text-editor\" data-id=\"69cc0f8\" data-element_type=\"widget\" data-widget_type=\"text-editor.default\">\n\t\t\t\t<div class=\"elementor-widget-container\">\n\t\t\t\t\t\t\t<div class=\"c-rich-text__body-title\" data-webid=\"rich-text-title\"><h2 class=\"u-text-accent\" style=\"text-align: center;\"><span class=\"TextRun SCXW39981972 BCX0\" lang=\"FR-FR\" xml:lang=\"FR-FR\" data-contrast=\"none\"><span class=\"NormalTextRun SCXW39981972 BCX0\">Envie de <\/span><\/span><span class=\"TextRun SCXW39981972 BCX0\" lang=\"FR-FR\" xml:lang=\"FR-FR\" data-contrast=\"none\"><span class=\"NormalTextRun SCXW39981972 BCX0\">vivre l\u2019exp\u00e9rience EQUITONE\u202f?<\/span><\/span><span class=\"EOP SCXW39981972 BCX0\" data-ccp-props=\"{&quot;201341983&quot;:0,&quot;335559739&quot;:160,&quot;335559740&quot;:259}\">\u00a0<\/span><\/h2><div class=\"c-rich-text__body-title\" data-webid=\"rich-text-title\"><h2 class=\"u-text-accent\" style=\"text-align: center;\">Voyez par vous-m\u00eame\u202f!<\/h2><\/div><\/div>\t\t\t\t\t\t<\/div>\n\t\t\t\t<\/div>\n\t\t\t\t\t<\/div>\n\t\t<\/div>\n\t\t\t\t\t\t\t<\/div>\n\t\t<\/section>\n\t\t\t\t<section class=\"elementor-section elementor-top-section elementor-element elementor-element-9096fb5 elementor-section-boxed elementor-section-height-default elementor-section-height-default\" data-id=\"9096fb5\" data-element_type=\"section\">\n\t\t\t\t\t\t<div class=\"elementor-container elementor-column-gap-default\">\n\t\t\t\t\t<div class=\"elementor-column elementor-col-100 elementor-top-column elementor-element elementor-element-324a8e5\" data-id=\"324a8e5\" data-element_type=\"column\">\n\t\t\t<div class=\"elementor-widget-wrap elementor-element-populated\">\n\t\t\t\t\t\t\t\t<div class=\"elementor-element elementor-element-0f8fca6 elementor-widget elementor-widget-video\" data-id=\"0f8fca6\" data-element_type=\"widget\" data-settings=\"{&quot;youtube_url&quot;:&quot;https:\\\/\\\/www.youtube.com\\\/watch?v=0mtxdeiZKsE&quot;,&quot;video_type&quot;:&quot;youtube&quot;,&quot;controls&quot;:&quot;yes&quot;}\" data-widget_type=\"video.default\">\n\t\t\t\t<div class=\"elementor-widget-container\">\n\t\t\t\t\t<div class=\"elementor-wrapper elementor-open-inline\">\n\t\t\t<div class=\"elementor-video\"><\/div>\t\t<\/div>\n\t\t\t\t<\/div>\n\t\t\t\t<\/div>\n\t\t\t\t\t<\/div>\n\t\t<\/div>\n\t\t\t\t\t\t\t<\/div>\n\t\t<\/section>\n\t\t\t\t<section class=\"elementor-section elementor-top-section elementor-element elementor-element-287dcb4 elementor-section-boxed elementor-section-height-default elementor-section-height-default\" data-id=\"287dcb4\" data-element_type=\"section\">\n\t\t\t\t\t\t<div class=\"elementor-container elementor-column-gap-default\">\n\t\t\t\t\t<div class=\"elementor-column elementor-col-100 elementor-top-column elementor-element elementor-element-758d96d\" data-id=\"758d96d\" data-element_type=\"column\">\n\t\t\t<div class=\"elementor-widget-wrap elementor-element-populated\">\n\t\t\t\t\t\t\t\t<div class=\"elementor-element elementor-element-6fd77fb elementor-widget elementor-widget-video\" data-id=\"6fd77fb\" data-element_type=\"widget\" data-settings=\"{&quot;youtube_url&quot;:&quot;https:\\\/\\\/www.youtube.com\\\/watch?v=CK3moz_pOgE&quot;,&quot;video_type&quot;:&quot;youtube&quot;,&quot;controls&quot;:&quot;yes&quot;}\" data-widget_type=\"video.default\">\n\t\t\t\t<div class=\"elementor-widget-container\">\n\t\t\t\t\t<div class=\"elementor-wrapper elementor-open-inline\">\n\t\t\t<div class=\"elementor-video\"><\/div>\t\t<\/div>\n\t\t\t\t<\/div>\n\t\t\t\t<\/div>\n\t\t\t\t\t<\/div>\n\t\t<\/div>\n\t\t\t\t\t\t\t<\/div>\n\t\t<\/section>\n\t\t\t\t\t\t\t<\/div>\n\t\t","protected":false},"excerpt":{"rendered":"<p>L\u2019explication d\u2019une fa\u00e7ade ventil\u00e9e performant et \u00e9co-responsable Envie de vivre l\u2019exp\u00e9rience EQUITONE\u202f?&nbsp; Voyez par vous-m\u00eame\u202f! https:\/\/www.youtube.com\/watch?v=0mtxdeiZKsEhttps:\/\/www.youtube.com\/watch?v=CK3moz_pOgE<\/p>\n","protected":false},"author":1,"featured_media":1734,"parent":0,"menu_order":0,"comment_status":"closed","ping_status":"closed","template":"","meta":{"footnotes":""},"class_list":["post-184","page","type-page","status-publish","has-post-thumbnail","hentry"],"yoast_head":"<!-- This site is optimized with the Yoast SEO plugin v24.9 - https:\/\/yoast.com\/wordpress\/plugins\/seo\/ -->\n<title>vid\u00e9o fibre-ciment - Mat\u00e9riel<\/title>\n<meta name=\"robots\" content=\"index, follow, max-snippet:-1, max-image-preview:large, max-video-preview:-1\" \/>\n<link rel=\"canonical\" href=\"https:\/\/www.burmett-gr.com\/index.php\/equitone-video\/\" \/>\n<meta property=\"og:locale\" content=\"fr_FR\" \/>\n<meta property=\"og:type\" content=\"article\" \/>\n<meta property=\"og:title\" content=\"vid\u00e9o fibre-ciment - Mat\u00e9riel\" \/>\n<meta property=\"og:description\" content=\"L\u2019explication d\u2019une fa\u00e7ade ventil\u00e9e performant et \u00e9co-responsable Envie de vivre l\u2019exp\u00e9rience EQUITONE\u202f?&nbsp; Voyez par vous-m\u00eame\u202f! https:\/\/www.youtube.com\/watch?v=0mtxdeiZKsEhttps:\/\/www.youtube.com\/watch?v=CK3moz_pOgE\" \/>\n<meta property=\"og:url\" content=\"https:\/\/www.burmett-gr.com\/index.php\/equitone-video\/\" \/>\n<meta property=\"og:site_name\" content=\"Mat\u00e9riel\" \/>\n<meta property=\"article:publisher\" content=\"https:\/\/www.facebook.com\/burmett.gr\/\" \/>\n<meta property=\"article:modified_time\" content=\"2024-11-11T11:11:35+00:00\" \/>\n<meta property=\"og:image\" content=\"https:\/\/www.burmett-gr.com\/wp-content\/uploads\/2020\/04\/image_b605423c-00b6-4133-89d0-1bf9cdb8adc520200417_224533.jpg\" \/>\n\t<meta property=\"og:image:width\" content=\"1536\" \/>\n\t<meta property=\"og:image:height\" content=\"1152\" \/>\n\t<meta property=\"og:image:type\" content=\"image\/jpeg\" \/>\n<meta name=\"twitter:card\" content=\"summary_large_image\" \/>\n<meta name=\"twitter:label1\" content=\"Dur\u00e9e de lecture estim\u00e9e\" \/>\n\t<meta name=\"twitter:data1\" content=\"1 minute\" \/>\n<script type=\"application\/ld+json\" class=\"yoast-schema-graph\">{\"@context\":\"https:\/\/schema.org\",\"@graph\":[{\"@type\":\"WebPage\",\"@id\":\"https:\/\/www.burmett-gr.com\/index.php\/equitone-video\/\",\"url\":\"https:\/\/www.burmett-gr.com\/index.php\/equitone-video\/\",\"name\":\"vid\u00e9o fibre-ciment - Mat\u00e9riel\",\"isPartOf\":{\"@id\":\"https:\/\/www.burmett-gr.com\/#website\"},\"primaryImageOfPage\":{\"@id\":\"https:\/\/www.burmett-gr.com\/index.php\/equitone-video\/#primaryimage\"},\"image\":{\"@id\":\"https:\/\/www.burmett-gr.com\/index.php\/equitone-video\/#primaryimage\"},\"thumbnailUrl\":\"https:\/\/www.burmett-gr.com\/wp-content\/uploads\/2020\/04\/image_b605423c-00b6-4133-89d0-1bf9cdb8adc520200417_224533.jpg\",\"datePublished\":\"2019-10-17T01:07:05+00:00\",\"dateModified\":\"2024-11-11T11:11:35+00:00\",\"breadcrumb\":{\"@id\":\"https:\/\/www.burmett-gr.com\/index.php\/equitone-video\/#breadcrumb\"},\"inLanguage\":\"fr-FR\",\"potentialAction\":[{\"@type\":\"ReadAction\",\"target\":[\"https:\/\/www.burmett-gr.com\/index.php\/equitone-video\/\"]}]},{\"@type\":\"ImageObject\",\"inLanguage\":\"fr-FR\",\"@id\":\"https:\/\/www.burmett-gr.com\/index.php\/equitone-video\/#primaryimage\",\"url\":\"https:\/\/www.burmett-gr.com\/wp-content\/uploads\/2020\/04\/image_b605423c-00b6-4133-89d0-1bf9cdb8adc520200417_224533.jpg\",\"contentUrl\":\"https:\/\/www.burmett-gr.com\/wp-content\/uploads\/2020\/04\/image_b605423c-00b6-4133-89d0-1bf9cdb8adc520200417_224533.jpg\",\"width\":1536,\"height\":1152},{\"@type\":\"BreadcrumbList\",\"@id\":\"https:\/\/www.burmett-gr.com\/index.php\/equitone-video\/#breadcrumb\",\"itemListElement\":[{\"@type\":\"ListItem\",\"position\":1,\"name\":\"Accueil\",\"item\":\"https:\/\/www.burmett-gr.com\/\"},{\"@type\":\"ListItem\",\"position\":2,\"name\":\"vid\u00e9o fibre-ciment\"}]},{\"@type\":\"WebSite\",\"@id\":\"https:\/\/www.burmett-gr.com\/#website\",\"url\":\"https:\/\/www.burmett-gr.com\/\",\"name\":\"Mat\u00e9riel\",\"description\":\"ALGERIE\",\"publisher\":{\"@id\":\"https:\/\/www.burmett-gr.com\/#organization\"},\"potentialAction\":[{\"@type\":\"SearchAction\",\"target\":{\"@type\":\"EntryPoint\",\"urlTemplate\":\"https:\/\/www.burmett-gr.com\/?s={search_term_string}\"},\"query-input\":{\"@type\":\"PropertyValueSpecification\",\"valueRequired\":true,\"valueName\":\"search_term_string\"}}],\"inLanguage\":\"fr-FR\"},{\"@type\":\"Organization\",\"@id\":\"https:\/\/www.burmett-gr.com\/#organization\",\"name\":\"BURMETT-GR\",\"url\":\"https:\/\/www.burmett-gr.com\/\",\"logo\":{\"@type\":\"ImageObject\",\"inLanguage\":\"fr-FR\",\"@id\":\"https:\/\/www.burmett-gr.com\/#\/schema\/logo\/image\/\",\"url\":\"https:\/\/www.burmett-gr.com\/wp-content\/uploads\/2020\/04\/Screenshot_2020-04-15-Vistaprint.png\",\"contentUrl\":\"https:\/\/www.burmett-gr.com\/wp-content\/uploads\/2020\/04\/Screenshot_2020-04-15-Vistaprint.png\",\"width\":668,\"height\":294,\"caption\":\"BURMETT-GR\"},\"image\":{\"@id\":\"https:\/\/www.burmett-gr.com\/#\/schema\/logo\/image\/\"},\"sameAs\":[\"https:\/\/www.facebook.com\/burmett.gr\/\",\"https:\/\/www.instagram.com\/burmett_oran\/\",\"https:\/\/www.pinterest.fr\/burmettgr\/\"]}]}<\/script>\n<!-- \/ Yoast SEO plugin. -->","yoast_head_json":{"title":"vid\u00e9o fibre-ciment - Mat\u00e9riel","robots":{"index":"index","follow":"follow","max-snippet":"max-snippet:-1","max-image-preview":"max-image-preview:large","max-video-preview":"max-video-preview:-1"},"canonical":"https:\/\/www.burmett-gr.com\/index.php\/equitone-video\/","og_locale":"fr_FR","og_type":"article","og_title":"vid\u00e9o fibre-ciment - Mat\u00e9riel","og_description":"L\u2019explication d\u2019une fa\u00e7ade ventil\u00e9e performant et \u00e9co-responsable Envie de vivre l\u2019exp\u00e9rience EQUITONE\u202f?&nbsp; Voyez par vous-m\u00eame\u202f! https:\/\/www.youtube.com\/watch?v=0mtxdeiZKsEhttps:\/\/www.youtube.com\/watch?v=CK3moz_pOgE","og_url":"https:\/\/www.burmett-gr.com\/index.php\/equitone-video\/","og_site_name":"Mat\u00e9riel","article_publisher":"https:\/\/www.facebook.com\/burmett.gr\/","article_modified_time":"2024-11-11T11:11:35+00:00","og_image":[{"width":1536,"height":1152,"url":"https:\/\/www.burmett-gr.com\/wp-content\/uploads\/2020\/04\/image_b605423c-00b6-4133-89d0-1bf9cdb8adc520200417_224533.jpg","type":"image\/jpeg"}],"twitter_card":"summary_large_image","twitter_misc":{"Dur\u00e9e de lecture estim\u00e9e":"1 minute"},"schema":{"@context":"https:\/\/schema.org","@graph":[{"@type":"WebPage","@id":"https:\/\/www.burmett-gr.com\/index.php\/equitone-video\/","url":"https:\/\/www.burmett-gr.com\/index.php\/equitone-video\/","name":"vid\u00e9o fibre-ciment - Mat\u00e9riel","isPartOf":{"@id":"https:\/\/www.burmett-gr.com\/#website"},"primaryImageOfPage":{"@id":"https:\/\/www.burmett-gr.com\/index.php\/equitone-video\/#primaryimage"},"image":{"@id":"https:\/\/www.burmett-gr.com\/index.php\/equitone-video\/#primaryimage"},"thumbnailUrl":"https:\/\/www.burmett-gr.com\/wp-content\/uploads\/2020\/04\/image_b605423c-00b6-4133-89d0-1bf9cdb8adc520200417_224533.jpg","datePublished":"2019-10-17T01:07:05+00:00","dateModified":"2024-11-11T11:11:35+00:00","breadcrumb":{"@id":"https:\/\/www.burmett-gr.com\/index.php\/equitone-video\/#breadcrumb"},"inLanguage":"fr-FR","potentialAction":[{"@type":"ReadAction","target":["https:\/\/www.burmett-gr.com\/index.php\/equitone-video\/"]}]},{"@type":"ImageObject","inLanguage":"fr-FR","@id":"https:\/\/www.burmett-gr.com\/index.php\/equitone-video\/#primaryimage","url":"https:\/\/www.burmett-gr.com\/wp-content\/uploads\/2020\/04\/image_b605423c-00b6-4133-89d0-1bf9cdb8adc520200417_224533.jpg","contentUrl":"https:\/\/www.burmett-gr.com\/wp-content\/uploads\/2020\/04\/image_b605423c-00b6-4133-89d0-1bf9cdb8adc520200417_224533.jpg","width":1536,"height":1152},{"@type":"BreadcrumbList","@id":"https:\/\/www.burmett-gr.com\/index.php\/equitone-video\/#breadcrumb","itemListElement":[{"@type":"ListItem","position":1,"name":"Accueil","item":"https:\/\/www.burmett-gr.com\/"},{"@type":"ListItem","position":2,"name":"vid\u00e9o fibre-ciment"}]},{"@type":"WebSite","@id":"https:\/\/www.burmett-gr.com\/#website","url":"https:\/\/www.burmett-gr.com\/","name":"Mat\u00e9riel","description":"ALGERIE","publisher":{"@id":"https:\/\/www.burmett-gr.com\/#organization"},"potentialAction":[{"@type":"SearchAction","target":{"@type":"EntryPoint","urlTemplate":"https:\/\/www.burmett-gr.com\/?s={search_term_string}"},"query-input":{"@type":"PropertyValueSpecification","valueRequired":true,"valueName":"search_term_string"}}],"inLanguage":"fr-FR"},{"@type":"Organization","@id":"https:\/\/www.burmett-gr.com\/#organization","name":"BURMETT-GR","url":"https:\/\/www.burmett-gr.com\/","logo":{"@type":"ImageObject","inLanguage":"fr-FR","@id":"https:\/\/www.burmett-gr.com\/#\/schema\/logo\/image\/","url":"https:\/\/www.burmett-gr.com\/wp-content\/uploads\/2020\/04\/Screenshot_2020-04-15-Vistaprint.png","contentUrl":"https:\/\/www.burmett-gr.com\/wp-content\/uploads\/2020\/04\/Screenshot_2020-04-15-Vistaprint.png","width":668,"height":294,"caption":"BURMETT-GR"},"image":{"@id":"https:\/\/www.burmett-gr.com\/#\/schema\/logo\/image\/"},"sameAs":["https:\/\/www.facebook.com\/burmett.gr\/","https:\/\/www.instagram.com\/burmett_oran\/","https:\/\/www.pinterest.fr\/burmettgr\/"]}]}},"_links":{"self":[{"href":"https:\/\/www.burmett-gr.com\/index.php\/wp-json\/wp\/v2\/pages\/184","targetHints":{"allow":["GET"]}}],"collection":[{"href":"https:\/\/www.burmett-gr.com\/index.php\/wp-json\/wp\/v2\/pages"}],"about":[{"href":"https:\/\/www.burmett-gr.com\/index.php\/wp-json\/wp\/v2\/types\/page"}],"author":[{"embeddable":true,"href":"https:\/\/www.burmett-gr.com\/index.php\/wp-json\/wp\/v2\/users\/1"}],"replies":[{"embeddable":true,"href":"https:\/\/www.burmett-gr.com\/index.php\/wp-json\/wp\/v2\/comments?post=184"}],"version-history":[{"count":18,"href":"https:\/\/www.burmett-gr.com\/index.php\/wp-json\/wp\/v2\/pages\/184\/revisions"}],"predecessor-version":[{"id":3113,"href":"https:\/\/www.burmett-gr.com\/index.php\/wp-json\/wp\/v2\/pages\/184\/revisions\/3113"}],"wp:featuredmedia":[{"embeddable":true,"href":"https:\/\/www.burmett-gr.com\/index.php\/wp-json\/wp\/v2\/media\/1734"}],"wp:attachment":[{"href":"https:\/\/www.burmett-gr.com\/index.php\/wp-json\/wp\/v2\/media?parent=184"}],"curies":[{"name":"wp","href":"https:\/\/api.w.org\/{rel}","templated":true}]}}