{"id":1446,"date":"2020-01-07T14:34:00","date_gmt":"2020-01-07T13:34:00","guid":{"rendered":"http:\/\/www.burmett-gr.com\/?page_id=1446"},"modified":"2025-01-13T11:55:00","modified_gmt":"2025-01-13T10:55:00","slug":"trane-systeme","status":"publish","type":"page","link":"https:\/\/www.burmett-gr.com\/index.php\/trane-systeme\/","title":{"rendered":"trane-syst\u00e8me"},"content":{"rendered":"<p><img loading=\"lazy\" decoding=\"async\" src=\"https:\/\/www.burmett-gr.com\/wp-content\/uploads\/2024\/04\/Screenshot-2024-04-12-at-16-07-18-Trane-propose-la-gamme-la-plus-complete-de-systemes-de-chauffage-de-ventilation-et-de-climatisation-CVC-de-lindustrie.-Trane-France.png\" sizes=\"auto, (max-width: 421px) 100vw, 421px\" srcset=\"https:\/\/www.burmett-gr.com\/wp-content\/uploads\/2024\/04\/Screenshot-2024-04-12-at-16-07-18-Trane-propose-la-gamme-la-plus-complete-de-systemes-de-chauffage-de-ventilation-et-de-climatisation-CVC-de-lindustrie.-Trane-France.png 421w, https:\/\/www.burmett-gr.com\/wp-content\/uploads\/2024\/04\/Screenshot-2024-04-12-at-16-07-18-Trane-propose-la-gamme-la-plus-complete-de-systemes-de-chauffage-de-ventilation-et-de-climatisation-CVC-de-lindustrie.-Trane-France-300x73.png 300w, https:\/\/www.burmett-gr.com\/wp-content\/uploads\/2024\/04\/Screenshot-2024-04-12-at-16-07-18-Trane-propose-la-gamme-la-plus-complete-de-systemes-de-chauffage-de-ventilation-et-de-climatisation-CVC-de-lindustrie.-Trane-France-370x90.png 370w\" alt=\"\" width=\"421\" height=\"102\" \/><br \/>\n<img loading=\"lazy\" decoding=\"async\" src=\"https:\/\/www.burmett-gr.com\/wp-content\/uploads\/2024\/04\/Screenshot-2024-04-12-at-15-56-34-Trane-propose-la-gamme-la-plus-complete-de-systemes-de-chauffage-de-ventilation-et-de-climatisation-CVC-de-lindustrie.-Trane-France-1024x277.png\" sizes=\"auto, (max-width: 1024px) 100vw, 1024px\" srcset=\"https:\/\/www.burmett-gr.com\/wp-content\/uploads\/2024\/04\/Screenshot-2024-04-12-at-15-56-34-Trane-propose-la-gamme-la-plus-complete-de-systemes-de-chauffage-de-ventilation-et-de-climatisation-CVC-de-lindustrie.-Trane-France-1024x277.png 1024w, https:\/\/www.burmett-gr.com\/wp-content\/uploads\/2024\/04\/Screenshot-2024-04-12-at-15-56-34-Trane-propose-la-gamme-la-plus-complete-de-systemes-de-chauffage-de-ventilation-et-de-climatisation-CVC-de-lindustrie.-Trane-France-300x81.png 300w, https:\/\/www.burmett-gr.com\/wp-content\/uploads\/2024\/04\/Screenshot-2024-04-12-at-15-56-34-Trane-propose-la-gamme-la-plus-complete-de-systemes-de-chauffage-de-ventilation-et-de-climatisation-CVC-de-lindustrie.-Trane-France-768x208.png 768w, https:\/\/www.burmett-gr.com\/wp-content\/uploads\/2024\/04\/Screenshot-2024-04-12-at-15-56-34-Trane-propose-la-gamme-la-plus-complete-de-systemes-de-chauffage-de-ventilation-et-de-climatisation-CVC-de-lindustrie.-Trane-France-370x100.png 370w, https:\/\/www.burmett-gr.com\/wp-content\/uploads\/2024\/04\/Screenshot-2024-04-12-at-15-56-34-Trane-propose-la-gamme-la-plus-complete-de-systemes-de-chauffage-de-ventilation-et-de-climatisation-CVC-de-lindustrie.-Trane-France-1040x282.png 1040w, https:\/\/www.burmett-gr.com\/wp-content\/uploads\/2024\/04\/Screenshot-2024-04-12-at-15-56-34-Trane-propose-la-gamme-la-plus-complete-de-systemes-de-chauffage-de-ventilation-et-de-climatisation-CVC-de-lindustrie.-Trane-France.png 1392w\" alt=\"\" width=\"1024\" height=\"277\" \/><\/p>\n<h3 style=\"text-align: center;\">Les avanc\u00e9es technologiques innovantes de <strong>Trane<\/strong> se traduisent par des gains d&rsquo;efficacit\u00e9 \u00e9nerg\u00e9tique impressionnants. Nous aidons nos clients \u00e0 r\u00e9pondre \u00e0 leurs besoins en mati\u00e8re de chauffage et de refroidissement gr\u00e2ce \u00e0 une large gamme de syst\u00e8mes CVC \u00e0 haut rendement \u00e9nerg\u00e9tique, ainsi qu&rsquo;\u00e0 la location, aux services, \u00e0 l&rsquo;assistance en mati\u00e8re de pi\u00e8ces d\u00e9tach\u00e9es et \u00e0 la gestion technique de b\u00e2timent.<\/h3>\n<p><img loading=\"lazy\" decoding=\"async\" src=\"https:\/\/www.burmett-gr.com\/wp-content\/uploads\/2024\/04\/Screenshot-2024-04-12-at-15-57-00-Trane-propose-la-gamme-la-plus-complete-de-systemes-de-chauffage-de-ventilation-et-de-climatisation-CVC-de-lindustrie.-Trane-France-1024x421.png\" sizes=\"auto, (max-width: 1024px) 100vw, 1024px\" srcset=\"https:\/\/www.burmett-gr.com\/wp-content\/uploads\/2024\/04\/Screenshot-2024-04-12-at-15-57-00-Trane-propose-la-gamme-la-plus-complete-de-systemes-de-chauffage-de-ventilation-et-de-climatisation-CVC-de-lindustrie.-Trane-France-1024x421.png 1024w, https:\/\/www.burmett-gr.com\/wp-content\/uploads\/2024\/04\/Screenshot-2024-04-12-at-15-57-00-Trane-propose-la-gamme-la-plus-complete-de-systemes-de-chauffage-de-ventilation-et-de-climatisation-CVC-de-lindustrie.-Trane-France-300x123.png 300w, https:\/\/www.burmett-gr.com\/wp-content\/uploads\/2024\/04\/Screenshot-2024-04-12-at-15-57-00-Trane-propose-la-gamme-la-plus-complete-de-systemes-de-chauffage-de-ventilation-et-de-climatisation-CVC-de-lindustrie.-Trane-France-768x316.png 768w, https:\/\/www.burmett-gr.com\/wp-content\/uploads\/2024\/04\/Screenshot-2024-04-12-at-15-57-00-Trane-propose-la-gamme-la-plus-complete-de-systemes-de-chauffage-de-ventilation-et-de-climatisation-CVC-de-lindustrie.-Trane-France-370x152.png 370w, https:\/\/www.burmett-gr.com\/wp-content\/uploads\/2024\/04\/Screenshot-2024-04-12-at-15-57-00-Trane-propose-la-gamme-la-plus-complete-de-systemes-de-chauffage-de-ventilation-et-de-climatisation-CVC-de-lindustrie.-Trane-France-1040x427.png 1040w, https:\/\/www.burmett-gr.com\/wp-content\/uploads\/2024\/04\/Screenshot-2024-04-12-at-15-57-00-Trane-propose-la-gamme-la-plus-complete-de-systemes-de-chauffage-de-ventilation-et-de-climatisation-CVC-de-lindustrie.-Trane-France.png 1387w\" alt=\"\" width=\"1024\" height=\"421\" \/><\/p>\n<h4 style=\"text-align: center;\"><strong>BURMETT-GR<\/strong> propose la plus vaste gamme de syst\u00e8mes de chauffage, ventilation et climatisation gr\u00e2ce \u00e0 son partenair<\/h4>\n<p><img loading=\"lazy\" decoding=\"async\" class=\"aligncenter\" src=\"https:\/\/www.burmett-gr.com\/wp-content\/uploads\/2020\/01\/20191228_190259.png\" sizes=\"auto, (max-width: 655px) 100vw, 655px\" srcset=\"https:\/\/www.burmett-gr.com\/wp-content\/uploads\/2020\/01\/20191228_190259.png 655w, https:\/\/www.burmett-gr.com\/wp-content\/uploads\/2020\/01\/20191228_190259-300x100.png 300w, https:\/\/www.burmett-gr.com\/wp-content\/uploads\/2020\/01\/20191228_190259-370x123.png 370w\" alt=\"\" width=\"655\" height=\"218\" \/><\/p>\n<p style=\"text-align: center;\">Trane\u00a0 reconna\u00eet l&rsquo;importance de l&rsquo;am\u00e9lioration continue des syst\u00e8mes CVC en termes d&rsquo;impact environnemental. Que votre syst\u00e8me CVC offre un process de confort dans les b\u00e2timents ou un process de performance dans les applications industrielles, les innovations des produits Trane jouent un r\u00f4le important dans la consommation d&rsquo;\u00e9nergie mondiale de demain.<\/p>\n<p style=\"text-align: center;\">Nos innovations en mati\u00e8re de produits sont le r\u00e9sultat de notre volont\u00e9 de vous aider \u00e0 r\u00e9pondre \u00e0 vos besoins : un confort et des performances fiables aux bonnes temp\u00e9ratures, humidit\u00e9 et qualit\u00e9 de l&rsquo;air, \u00e0 des co\u00fbts minimes et un impact environnemental r\u00e9duit.<\/p>\n<p style=\"text-align: center;\">La vaste gamme de produits Trane, d\u00e9velopp\u00e9e depuis des d\u00e9cennies de leadership dans notre industrie, offre la flexibilit\u00e9 dont vous avez besoin pour satisfaire vos besoins sp\u00e9cifiques et individuels. Que vous ayez besoin de 20 kW ou de plus de 10 000 kW de capacit\u00e9 frigorifique et\/ou thermique, nous vous fournirons le syst\u00e8me ad\u00e9quat. Avec des refroidisseurs install\u00e9s dans plus de 50 % de tous les grands b\u00e2timents du monde entier, nous assumons la responsabilit\u00e9 de contribuer \u00e0 r\u00e9duire l&rsquo;impact environnemental des b\u00e2timents.<\/p>\n<h1 style=\"text-align: center;\">O\u00f9 acheter <strong>Trane<\/strong> ?<\/h1>\n<h6 style=\"text-align: center;\"><strong>Trouvez un revendeur \u00e0 votre service pr\u00e8s de chez vous.<\/strong><\/h6>\n<p><img loading=\"lazy\" decoding=\"async\" class=\"aligncenter\" src=\"https:\/\/www.burmett-gr.com\/wp-content\/uploads\/2021\/09\/Screenshot-2021-09-11-at-11-28-07-Logo-Creator-Jimdo.png\" alt=\"\" width=\"212\" height=\"37\" \/><\/p>\n<h4 style=\"text-align: center;\"><strong>T\u00e9l\u00e9phone : <\/strong><strong>+213(0)7.95.87.58.00<\/strong><\/h4>\n","protected":false},"excerpt":{"rendered":"<p>Les avanc\u00e9es technologiques innovantes de Trane se traduisent par des gains d&rsquo;efficacit\u00e9 \u00e9nerg\u00e9tique impressionnants. Nous aidons nos clients \u00e0 r\u00e9pondre \u00e0 leurs besoins en mati\u00e8re de chauffage et de refroidissement gr\u00e2ce \u00e0 une large gamme[&#8230;]<\/p>\n","protected":false},"author":1,"featured_media":0,"parent":0,"menu_order":0,"comment_status":"closed","ping_status":"closed","template":"","meta":{"footnotes":""},"class_list":["post-1446","page","type-page","status-publish","hentry"],"yoast_head":"<!-- This site is optimized with the Yoast SEO plugin v24.9 - https:\/\/yoast.com\/wordpress\/plugins\/seo\/ -->\n<title>trane-syst\u00e8me - Mat\u00e9riel<\/title>\n<meta name=\"robots\" content=\"index, follow, max-snippet:-1, max-image-preview:large, max-video-preview:-1\" \/>\n<link rel=\"canonical\" href=\"https:\/\/www.burmett-gr.com\/index.php\/trane-systeme\/\" \/>\n<meta property=\"og:locale\" content=\"fr_FR\" \/>\n<meta property=\"og:type\" content=\"article\" \/>\n<meta property=\"og:title\" content=\"trane-syst\u00e8me - Mat\u00e9riel\" \/>\n<meta property=\"og:description\" content=\"Les avanc\u00e9es technologiques innovantes de Trane se traduisent par des gains d&rsquo;efficacit\u00e9 \u00e9nerg\u00e9tique impressionnants. Nous aidons nos clients \u00e0 r\u00e9pondre \u00e0 leurs besoins en mati\u00e8re de chauffage et de refroidissement gr\u00e2ce \u00e0 une large gamme[...]\" \/>\n<meta property=\"og:url\" content=\"https:\/\/www.burmett-gr.com\/index.php\/trane-systeme\/\" \/>\n<meta property=\"og:site_name\" content=\"Mat\u00e9riel\" \/>\n<meta property=\"article:publisher\" content=\"https:\/\/www.facebook.com\/burmett.gr\/\" \/>\n<meta property=\"article:modified_time\" content=\"2025-01-13T10:55:00+00:00\" \/>\n<meta property=\"og:image\" content=\"https:\/\/www.burmett-gr.com\/wp-content\/uploads\/2024\/04\/Screenshot-2024-04-12-at-16-07-18-Trane-propose-la-gamme-la-plus-complete-de-systemes-de-chauffage-de-ventilation-et-de-climatisation-CVC-de-lindustrie.-Trane-France.png\" \/>\n<meta name=\"twitter:card\" content=\"summary_large_image\" \/>\n<meta name=\"twitter:label1\" content=\"Dur\u00e9e de lecture estim\u00e9e\" \/>\n\t<meta name=\"twitter:data1\" content=\"3 minutes\" \/>\n<script type=\"application\/ld+json\" class=\"yoast-schema-graph\">{\"@context\":\"https:\/\/schema.org\",\"@graph\":[{\"@type\":\"WebPage\",\"@id\":\"https:\/\/www.burmett-gr.com\/index.php\/trane-systeme\/\",\"url\":\"https:\/\/www.burmett-gr.com\/index.php\/trane-systeme\/\",\"name\":\"trane-syst\u00e8me - Mat\u00e9riel\",\"isPartOf\":{\"@id\":\"https:\/\/www.burmett-gr.com\/#website\"},\"primaryImageOfPage\":{\"@id\":\"https:\/\/www.burmett-gr.com\/index.php\/trane-systeme\/#primaryimage\"},\"image\":{\"@id\":\"https:\/\/www.burmett-gr.com\/index.php\/trane-systeme\/#primaryimage\"},\"thumbnailUrl\":\"https:\/\/www.burmett-gr.com\/wp-content\/uploads\/2024\/04\/Screenshot-2024-04-12-at-16-07-18-Trane-propose-la-gamme-la-plus-complete-de-systemes-de-chauffage-de-ventilation-et-de-climatisation-CVC-de-lindustrie.-Trane-France.png\",\"datePublished\":\"2020-01-07T13:34:00+00:00\",\"dateModified\":\"2025-01-13T10:55:00+00:00\",\"breadcrumb\":{\"@id\":\"https:\/\/www.burmett-gr.com\/index.php\/trane-systeme\/#breadcrumb\"},\"inLanguage\":\"fr-FR\",\"potentialAction\":[{\"@type\":\"ReadAction\",\"target\":[\"https:\/\/www.burmett-gr.com\/index.php\/trane-systeme\/\"]}]},{\"@type\":\"ImageObject\",\"inLanguage\":\"fr-FR\",\"@id\":\"https:\/\/www.burmett-gr.com\/index.php\/trane-systeme\/#primaryimage\",\"url\":\"https:\/\/www.burmett-gr.com\/wp-content\/uploads\/2024\/04\/Screenshot-2024-04-12-at-16-07-18-Trane-propose-la-gamme-la-plus-complete-de-systemes-de-chauffage-de-ventilation-et-de-climatisation-CVC-de-lindustrie.-Trane-France.png\",\"contentUrl\":\"https:\/\/www.burmett-gr.com\/wp-content\/uploads\/2024\/04\/Screenshot-2024-04-12-at-16-07-18-Trane-propose-la-gamme-la-plus-complete-de-systemes-de-chauffage-de-ventilation-et-de-climatisation-CVC-de-lindustrie.-Trane-France.png\",\"width\":421,\"height\":102},{\"@type\":\"BreadcrumbList\",\"@id\":\"https:\/\/www.burmett-gr.com\/index.php\/trane-systeme\/#breadcrumb\",\"itemListElement\":[{\"@type\":\"ListItem\",\"position\":1,\"name\":\"Accueil\",\"item\":\"https:\/\/www.burmett-gr.com\/\"},{\"@type\":\"ListItem\",\"position\":2,\"name\":\"trane-syst\u00e8me\"}]},{\"@type\":\"WebSite\",\"@id\":\"https:\/\/www.burmett-gr.com\/#website\",\"url\":\"https:\/\/www.burmett-gr.com\/\",\"name\":\"Mat\u00e9riel\",\"description\":\"ALGERIE\",\"publisher\":{\"@id\":\"https:\/\/www.burmett-gr.com\/#organization\"},\"potentialAction\":[{\"@type\":\"SearchAction\",\"target\":{\"@type\":\"EntryPoint\",\"urlTemplate\":\"https:\/\/www.burmett-gr.com\/?s={search_term_string}\"},\"query-input\":{\"@type\":\"PropertyValueSpecification\",\"valueRequired\":true,\"valueName\":\"search_term_string\"}}],\"inLanguage\":\"fr-FR\"},{\"@type\":\"Organization\",\"@id\":\"https:\/\/www.burmett-gr.com\/#organization\",\"name\":\"BURMETT-GR\",\"url\":\"https:\/\/www.burmett-gr.com\/\",\"logo\":{\"@type\":\"ImageObject\",\"inLanguage\":\"fr-FR\",\"@id\":\"https:\/\/www.burmett-gr.com\/#\/schema\/logo\/image\/\",\"url\":\"https:\/\/www.burmett-gr.com\/wp-content\/uploads\/2020\/04\/Screenshot_2020-04-15-Vistaprint.png\",\"contentUrl\":\"https:\/\/www.burmett-gr.com\/wp-content\/uploads\/2020\/04\/Screenshot_2020-04-15-Vistaprint.png\",\"width\":668,\"height\":294,\"caption\":\"BURMETT-GR\"},\"image\":{\"@id\":\"https:\/\/www.burmett-gr.com\/#\/schema\/logo\/image\/\"},\"sameAs\":[\"https:\/\/www.facebook.com\/burmett.gr\/\",\"https:\/\/www.instagram.com\/burmett_oran\/\",\"https:\/\/www.pinterest.fr\/burmettgr\/\"]}]}<\/script>\n<!-- \/ Yoast SEO plugin. -->","yoast_head_json":{"title":"trane-syst\u00e8me - Mat\u00e9riel","robots":{"index":"index","follow":"follow","max-snippet":"max-snippet:-1","max-image-preview":"max-image-preview:large","max-video-preview":"max-video-preview:-1"},"canonical":"https:\/\/www.burmett-gr.com\/index.php\/trane-systeme\/","og_locale":"fr_FR","og_type":"article","og_title":"trane-syst\u00e8me - Mat\u00e9riel","og_description":"Les avanc\u00e9es technologiques innovantes de Trane se traduisent par des gains d&rsquo;efficacit\u00e9 \u00e9nerg\u00e9tique impressionnants. Nous aidons nos clients \u00e0 r\u00e9pondre \u00e0 leurs besoins en mati\u00e8re de chauffage et de refroidissement gr\u00e2ce \u00e0 une large gamme[...]","og_url":"https:\/\/www.burmett-gr.com\/index.php\/trane-systeme\/","og_site_name":"Mat\u00e9riel","article_publisher":"https:\/\/www.facebook.com\/burmett.gr\/","article_modified_time":"2025-01-13T10:55:00+00:00","og_image":[{"url":"https:\/\/www.burmett-gr.com\/wp-content\/uploads\/2024\/04\/Screenshot-2024-04-12-at-16-07-18-Trane-propose-la-gamme-la-plus-complete-de-systemes-de-chauffage-de-ventilation-et-de-climatisation-CVC-de-lindustrie.-Trane-France.png","type":"","width":"","height":""}],"twitter_card":"summary_large_image","twitter_misc":{"Dur\u00e9e de lecture estim\u00e9e":"3 minutes"},"schema":{"@context":"https:\/\/schema.org","@graph":[{"@type":"WebPage","@id":"https:\/\/www.burmett-gr.com\/index.php\/trane-systeme\/","url":"https:\/\/www.burmett-gr.com\/index.php\/trane-systeme\/","name":"trane-syst\u00e8me - Mat\u00e9riel","isPartOf":{"@id":"https:\/\/www.burmett-gr.com\/#website"},"primaryImageOfPage":{"@id":"https:\/\/www.burmett-gr.com\/index.php\/trane-systeme\/#primaryimage"},"image":{"@id":"https:\/\/www.burmett-gr.com\/index.php\/trane-systeme\/#primaryimage"},"thumbnailUrl":"https:\/\/www.burmett-gr.com\/wp-content\/uploads\/2024\/04\/Screenshot-2024-04-12-at-16-07-18-Trane-propose-la-gamme-la-plus-complete-de-systemes-de-chauffage-de-ventilation-et-de-climatisation-CVC-de-lindustrie.-Trane-France.png","datePublished":"2020-01-07T13:34:00+00:00","dateModified":"2025-01-13T10:55:00+00:00","breadcrumb":{"@id":"https:\/\/www.burmett-gr.com\/index.php\/trane-systeme\/#breadcrumb"},"inLanguage":"fr-FR","potentialAction":[{"@type":"ReadAction","target":["https:\/\/www.burmett-gr.com\/index.php\/trane-systeme\/"]}]},{"@type":"ImageObject","inLanguage":"fr-FR","@id":"https:\/\/www.burmett-gr.com\/index.php\/trane-systeme\/#primaryimage","url":"https:\/\/www.burmett-gr.com\/wp-content\/uploads\/2024\/04\/Screenshot-2024-04-12-at-16-07-18-Trane-propose-la-gamme-la-plus-complete-de-systemes-de-chauffage-de-ventilation-et-de-climatisation-CVC-de-lindustrie.-Trane-France.png","contentUrl":"https:\/\/www.burmett-gr.com\/wp-content\/uploads\/2024\/04\/Screenshot-2024-04-12-at-16-07-18-Trane-propose-la-gamme-la-plus-complete-de-systemes-de-chauffage-de-ventilation-et-de-climatisation-CVC-de-lindustrie.-Trane-France.png","width":421,"height":102},{"@type":"BreadcrumbList","@id":"https:\/\/www.burmett-gr.com\/index.php\/trane-systeme\/#breadcrumb","itemListElement":[{"@type":"ListItem","position":1,"name":"Accueil","item":"https:\/\/www.burmett-gr.com\/"},{"@type":"ListItem","position":2,"name":"trane-syst\u00e8me"}]},{"@type":"WebSite","@id":"https:\/\/www.burmett-gr.com\/#website","url":"https:\/\/www.burmett-gr.com\/","name":"Mat\u00e9riel","description":"ALGERIE","publisher":{"@id":"https:\/\/www.burmett-gr.com\/#organization"},"potentialAction":[{"@type":"SearchAction","target":{"@type":"EntryPoint","urlTemplate":"https:\/\/www.burmett-gr.com\/?s={search_term_string}"},"query-input":{"@type":"PropertyValueSpecification","valueRequired":true,"valueName":"search_term_string"}}],"inLanguage":"fr-FR"},{"@type":"Organization","@id":"https:\/\/www.burmett-gr.com\/#organization","name":"BURMETT-GR","url":"https:\/\/www.burmett-gr.com\/","logo":{"@type":"ImageObject","inLanguage":"fr-FR","@id":"https:\/\/www.burmett-gr.com\/#\/schema\/logo\/image\/","url":"https:\/\/www.burmett-gr.com\/wp-content\/uploads\/2020\/04\/Screenshot_2020-04-15-Vistaprint.png","contentUrl":"https:\/\/www.burmett-gr.com\/wp-content\/uploads\/2020\/04\/Screenshot_2020-04-15-Vistaprint.png","width":668,"height":294,"caption":"BURMETT-GR"},"image":{"@id":"https:\/\/www.burmett-gr.com\/#\/schema\/logo\/image\/"},"sameAs":["https:\/\/www.facebook.com\/burmett.gr\/","https:\/\/www.instagram.com\/burmett_oran\/","https:\/\/www.pinterest.fr\/burmettgr\/"]}]}},"_links":{"self":[{"href":"https:\/\/www.burmett-gr.com\/index.php\/wp-json\/wp\/v2\/pages\/1446","targetHints":{"allow":["GET"]}}],"collection":[{"href":"https:\/\/www.burmett-gr.com\/index.php\/wp-json\/wp\/v2\/pages"}],"about":[{"href":"https:\/\/www.burmett-gr.com\/index.php\/wp-json\/wp\/v2\/types\/page"}],"author":[{"embeddable":true,"href":"https:\/\/www.burmett-gr.com\/index.php\/wp-json\/wp\/v2\/users\/1"}],"replies":[{"embeddable":true,"href":"https:\/\/www.burmett-gr.com\/index.php\/wp-json\/wp\/v2\/comments?post=1446"}],"version-history":[{"count":23,"href":"https:\/\/www.burmett-gr.com\/index.php\/wp-json\/wp\/v2\/pages\/1446\/revisions"}],"predecessor-version":[{"id":3192,"href":"https:\/\/www.burmett-gr.com\/index.php\/wp-json\/wp\/v2\/pages\/1446\/revisions\/3192"}],"wp:attachment":[{"href":"https:\/\/www.burmett-gr.com\/index.php\/wp-json\/wp\/v2\/media?parent=1446"}],"curies":[{"name":"wp","href":"https:\/\/api.w.org\/{rel}","templated":true}]}}