{"id":1078,"date":"2019-10-30T20:14:41","date_gmt":"2019-10-30T19:14:41","guid":{"rendered":"http:\/\/www.burmett-gr.com\/?page_id=1078"},"modified":"2021-10-12T19:44:55","modified_gmt":"2021-10-12T17:44:55","slug":"cinema","status":"publish","type":"page","link":"https:\/\/www.burmett-gr.com\/index.php\/cinema\/","title":{"rendered":"CIN\u00c9MA"},"content":{"rendered":"\t\t<div data-elementor-type=\"wp-page\" data-elementor-id=\"1078\" class=\"elementor elementor-1078\">\n\t\t\t\t\t\t\t\t\t<section class=\"elementor-section elementor-top-section elementor-element elementor-element-07d43a6 elementor-section-boxed elementor-section-height-default elementor-section-height-default\" data-id=\"07d43a6\" data-element_type=\"section\">\n\t\t\t\t\t\t<div class=\"elementor-container elementor-column-gap-default\">\n\t\t\t\t\t<div class=\"elementor-column elementor-col-100 elementor-top-column elementor-element elementor-element-e4469a2\" data-id=\"e4469a2\" data-element_type=\"column\">\n\t\t\t<div class=\"elementor-widget-wrap elementor-element-populated\">\n\t\t\t\t\t\t\t\t<div class=\"elementor-element elementor-element-93e12bd elementor-widget elementor-widget-text-editor\" data-id=\"93e12bd\" data-element_type=\"widget\" data-widget_type=\"text-editor.default\">\n\t\t\t\t<div class=\"elementor-widget-container\">\n\t\t\t\t\t\t\t<h1 class=\"blog-detail__title o-flex__element left-justify\" style=\"text-align: center;\" data-webid=\"blog-title\">Cloisons et contre-cloisons hautes performances acoustiques<\/h1>\t\t\t\t\t\t<\/div>\n\t\t\t\t<\/div>\n\t\t\t\t\t<\/div>\n\t\t<\/div>\n\t\t\t\t\t\t\t<\/div>\n\t\t<\/section>\n\t\t\t\t<section class=\"elementor-section elementor-top-section elementor-element elementor-element-317fcad elementor-section-boxed elementor-section-height-default elementor-section-height-default\" data-id=\"317fcad\" data-element_type=\"section\">\n\t\t\t\t\t\t<div class=\"elementor-container elementor-column-gap-default\">\n\t\t\t\t\t<div class=\"elementor-column elementor-col-100 elementor-top-column elementor-element elementor-element-b6989e1\" data-id=\"b6989e1\" data-element_type=\"column\">\n\t\t\t<div class=\"elementor-widget-wrap elementor-element-populated\">\n\t\t\t\t\t\t\t\t<div class=\"elementor-element elementor-element-f4a627d elementor-widget elementor-widget-text-editor\" data-id=\"f4a627d\" data-element_type=\"widget\" data-widget_type=\"text-editor.default\">\n\t\t\t\t<div class=\"elementor-widget-container\">\n\t\t\t\t\t\t\t<h1 style=\"text-align: center;\"><strong><span style=\"color: #800080;\">Salles de cin\u00e9ma et de spectacle<\/span><\/strong><\/h1>\t\t\t\t\t\t<\/div>\n\t\t\t\t<\/div>\n\t\t\t\t\t<\/div>\n\t\t<\/div>\n\t\t\t\t\t\t\t<\/div>\n\t\t<\/section>\n\t\t\t\t<section class=\"elementor-section elementor-top-section elementor-element elementor-element-f862a35 elementor-section-boxed elementor-section-height-default elementor-section-height-default\" data-id=\"f862a35\" data-element_type=\"section\">\n\t\t\t\t\t\t<div class=\"elementor-container elementor-column-gap-default\">\n\t\t\t\t\t<div class=\"elementor-column elementor-col-100 elementor-top-column elementor-element elementor-element-757e8fd\" data-id=\"757e8fd\" data-element_type=\"column\">\n\t\t\t<div class=\"elementor-widget-wrap elementor-element-populated\">\n\t\t\t\t\t\t\t\t<div class=\"elementor-element elementor-element-c844065 elementor-widget elementor-widget-text-editor\" data-id=\"c844065\" data-element_type=\"widget\" data-widget_type=\"text-editor.default\">\n\t\t\t\t<div class=\"elementor-widget-container\">\n\t\t\t\t\t\t\t<div class=\"c-rich-text__media\" data-webid=\"rich-text-image\"><img decoding=\"async\" class=\"o-fit aligncenter\" src=\"https:\/\/www.siniat.fr\/siteassets\/page-assets\/fr\/projects\/type-of-building\/typeofbuilding-intro-cinema.jpg?v=48fa8b&amp;width=800\" \/><\/div>\t\t\t\t\t\t<\/div>\n\t\t\t\t<\/div>\n\t\t\t\t\t<\/div>\n\t\t<\/div>\n\t\t\t\t\t\t\t<\/div>\n\t\t<\/section>\n\t\t\t\t<section class=\"elementor-section elementor-top-section elementor-element elementor-element-f5c0e59 elementor-section-boxed elementor-section-height-default elementor-section-height-default\" data-id=\"f5c0e59\" data-element_type=\"section\">\n\t\t\t\t\t\t<div class=\"elementor-container elementor-column-gap-default\">\n\t\t\t\t\t<div class=\"elementor-column elementor-col-100 elementor-top-column elementor-element elementor-element-c5dd9f8\" data-id=\"c5dd9f8\" data-element_type=\"column\">\n\t\t\t<div class=\"elementor-widget-wrap elementor-element-populated\">\n\t\t\t\t\t\t\t\t<div class=\"elementor-element elementor-element-ddf7dd9 elementor-widget elementor-widget-text-editor\" data-id=\"ddf7dd9\" data-element_type=\"widget\" data-widget_type=\"text-editor.default\">\n\t\t\t\t<div class=\"elementor-widget-container\">\n\t\t\t\t\t\t\t<p style=\"text-align: center;\">L&rsquo;industrie du cin\u00e9ma fait entrer le son dans l\u2019\u00e8re de la troisi\u00e8me dimension avec la technologie Dolby Atmos, pour offrir des sensations in\u00e9dites aux spectateurs.<\/p><p style=\"text-align: center;\">Nous accompagnons ces \u00e9volutions en proposant le nouveau syst\u00e8me de cloisons pour aider les concepteurs des futures salles \u00e0 atteindre un confort acoustique irr\u00e9prochable.<\/p>\t\t\t\t\t\t<\/div>\n\t\t\t\t<\/div>\n\t\t\t\t\t<\/div>\n\t\t<\/div>\n\t\t\t\t\t\t\t<\/div>\n\t\t<\/section>\n\t\t\t\t<section class=\"elementor-section elementor-top-section elementor-element elementor-element-38e73fa elementor-section-boxed elementor-section-height-default elementor-section-height-default\" data-id=\"38e73fa\" data-element_type=\"section\">\n\t\t\t\t\t\t<div class=\"elementor-container elementor-column-gap-default\">\n\t\t\t\t\t<div class=\"elementor-column elementor-col-100 elementor-top-column elementor-element elementor-element-cb2176d\" data-id=\"cb2176d\" data-element_type=\"column\">\n\t\t\t<div class=\"elementor-widget-wrap elementor-element-populated\">\n\t\t\t\t\t\t\t\t<div class=\"elementor-element elementor-element-9ca0e84 elementor-widget elementor-widget-text-editor\" data-id=\"9ca0e84\" data-element_type=\"widget\" data-widget_type=\"text-editor.default\">\n\t\t\t\t<div class=\"elementor-widget-container\">\n\t\t\t\t\t\t\t<div><h2 style=\"text-align: center;\">DU SON THX AU SON DOLBY ATMOS, l&rsquo;expertise acoustique<\/h2><div class=\"mobilePleineLargeur\"><div class=\"mobilePleineLargeur\"><img decoding=\"async\" src=\"https:\/\/cdn.siniat.fr\/-\/media\/images\/siniat\/countries\/fr\/content-pages\/ressources\/news\/sinemax\/siniat-vignette expert-julian tizianel.ashx?la=fr-fr&amp;rev=7892579f42c745b0ac0f82dd328a184b&amp;hash=FC668AA16AE570845482485A779AA0C1DD4BEC0E\" alt=\"\" \/><\/div><h4 style=\"text-align: center;\">\u00a0<\/h4><div class=\"c-rich-text__body-title\" data-webid=\"rich-text-title\"><h3 class=\"\" style=\"text-align: center;\">L&rsquo;acoustique des grands volumes<\/h3><\/div><div class=\"c-rich-text__body\"><div data-webid=\"rich-text-text\"><h1 style=\"text-align: center;\">Salles de cin\u00e9ma et de spectacle<\/h1><\/div><\/div><h4 style=\"text-align: center;\">\u00a0<\/h4><p style=\"text-align: center;\"><span style=\"color: #800080;\">\u00ab Notre partenaire a d\u00e9velopp\u00e9 les cloisons pour aider les concepteurs des futures salles \u00e0 atteindre des objectifs acoustiques irr\u00e9prochables \u2026 \u00bb<\/span><\/p><\/div><div class=\"mobilePleineLargeur\"><p style=\"text-align: center;\">L\u2019apparition du son THX a impos\u00e9 un cahier des charges acoustique, tant sur la salle que sur la disposition et la qualit\u00e9 des \u00e9quipements HIFI. <br \/>Aujourd\u2019hui, avec le syst\u00e8me de sonorisation Dolby Atmos, les salles de cin\u00e9ma connaissent une nouvelle r\u00e9volution technologique. <br \/>La spatialisation sonore est am\u00e9lior\u00e9e, le bruit d\u2019une voiture va surgir du fond de la salle, repartir devant ou a gauche, en m\u00eame temps qu\u2019une explosion en haut d\u2019un immeuble \u00e9clate du plafond au-dessus des t\u00eates des spectateurs. L\u2019immersion sonore est compl\u00e8te !<\/p><p style=\"text-align: center;\"><span style=\"color: #800080;\">\u00ab Nous constatons des niveaux sonores sup\u00e9rieurs \u00e0 90 dB d\u00e8s la bande de fr\u00e9quence 63 Hz. \u00bb<\/span><br \/><span style=\"color: #800080;\">L\u2019image sonore \u00e9volue fortement, en pr\u00e9cision, en spatialisation, mais aussi en niveau sonore, particuli\u00e8rement dans les sons graves.<\/span><br \/><span style=\"color: #800080;\">Lors des projections de films, nous constatons des niveaux sonores sup\u00e9rieurs \u00e0 90 dB d\u00e8s la bande de fr\u00e9quence 63 Hz.<\/span><br \/>Nous avons d\u00e9velopp\u00e9 les cloisons pour r\u00e9pondre \u00e0 ces nouvelles contraintes et pour aider les concepteurs des futures salles \u00e0 atteindre des objectifs acoustiques irr\u00e9prochables, tout en respectant les contraintes m\u00e9caniques et incendie des salles de cin\u00e9ma.<\/p><\/div><\/div><div><h2 style=\"text-align: center;\">R\u00c9PONSES AUX EXIGENCES TECHNIQUES \u00c9LEV\u00c9ES<\/h2><\/div><div>\u00a0<\/div>\t\t\t\t\t\t<\/div>\n\t\t\t\t<\/div>\n\t\t\t\t\t<\/div>\n\t\t<\/div>\n\t\t\t\t\t\t\t<\/div>\n\t\t<\/section>\n\t\t\t\t<section class=\"elementor-section elementor-top-section elementor-element elementor-element-f47306a elementor-section-boxed elementor-section-height-default elementor-section-height-default\" data-id=\"f47306a\" data-element_type=\"section\">\n\t\t\t\t\t\t<div class=\"elementor-container elementor-column-gap-default\">\n\t\t\t\t\t<div class=\"elementor-column elementor-col-100 elementor-top-column elementor-element elementor-element-2905fb2\" data-id=\"2905fb2\" data-element_type=\"column\">\n\t\t\t<div class=\"elementor-widget-wrap elementor-element-populated\">\n\t\t\t\t\t\t\t\t<div class=\"elementor-element elementor-element-64352db elementor-widget elementor-widget-image\" data-id=\"64352db\" data-element_type=\"widget\" data-widget_type=\"image.default\">\n\t\t\t\t<div class=\"elementor-widget-container\">\n\t\t\t\t\t\t\t\t\t\t\t\t\t\t\t<img loading=\"lazy\" decoding=\"async\" width=\"1024\" height=\"294\" src=\"https:\/\/www.burmett-gr.com\/wp-content\/uploads\/2019\/10\/Screenshot_2019-10-30-SINEMAX-\u00ae-Cloisons-et-contre-cloisons-hautes-performances-acoustiques-1024x294.png\" class=\"attachment-large size-large wp-image-1089\" alt=\"\" srcset=\"https:\/\/www.burmett-gr.com\/wp-content\/uploads\/2019\/10\/Screenshot_2019-10-30-SINEMAX-\u00ae-Cloisons-et-contre-cloisons-hautes-performances-acoustiques-1024x294.png 1024w, https:\/\/www.burmett-gr.com\/wp-content\/uploads\/2019\/10\/Screenshot_2019-10-30-SINEMAX-\u00ae-Cloisons-et-contre-cloisons-hautes-performances-acoustiques-300x86.png 300w, https:\/\/www.burmett-gr.com\/wp-content\/uploads\/2019\/10\/Screenshot_2019-10-30-SINEMAX-\u00ae-Cloisons-et-contre-cloisons-hautes-performances-acoustiques-768x220.png 768w, https:\/\/www.burmett-gr.com\/wp-content\/uploads\/2019\/10\/Screenshot_2019-10-30-SINEMAX-\u00ae-Cloisons-et-contre-cloisons-hautes-performances-acoustiques-370x106.png 370w, https:\/\/www.burmett-gr.com\/wp-content\/uploads\/2019\/10\/Screenshot_2019-10-30-SINEMAX-\u00ae-Cloisons-et-contre-cloisons-hautes-performances-acoustiques-1040x298.png 1040w, https:\/\/www.burmett-gr.com\/wp-content\/uploads\/2019\/10\/Screenshot_2019-10-30-SINEMAX-\u00ae-Cloisons-et-contre-cloisons-hautes-performances-acoustiques.png 1185w\" sizes=\"auto, (max-width: 1024px) 100vw, 1024px\" \/>\t\t\t\t\t\t\t\t\t\t\t\t\t\t\t<\/div>\n\t\t\t\t<\/div>\n\t\t\t\t\t<\/div>\n\t\t<\/div>\n\t\t\t\t\t\t\t<\/div>\n\t\t<\/section>\n\t\t\t\t\t\t\t<\/div>\n\t\t","protected":false},"excerpt":{"rendered":"<p>Cloisons et contre-cloisons hautes performances acoustiques Salles de cin\u00e9ma et de spectacle L&rsquo;industrie du cin\u00e9ma fait entrer le son dans l\u2019\u00e8re de la troisi\u00e8me dimension avec la technologie Dolby Atmos, pour offrir des sensations in\u00e9dites[&#8230;]<\/p>\n","protected":false},"author":1,"featured_media":0,"parent":0,"menu_order":0,"comment_status":"closed","ping_status":"closed","template":"","meta":{"footnotes":""},"class_list":["post-1078","page","type-page","status-publish","hentry"],"yoast_head":"<!-- This site is optimized with the Yoast SEO plugin v24.9 - https:\/\/yoast.com\/wordpress\/plugins\/seo\/ -->\n<title>CIN\u00c9MA - Mat\u00e9riel<\/title>\n<meta name=\"robots\" content=\"index, follow, max-snippet:-1, max-image-preview:large, max-video-preview:-1\" \/>\n<link rel=\"canonical\" href=\"https:\/\/www.burmett-gr.com\/index.php\/cinema\/\" \/>\n<meta property=\"og:locale\" content=\"fr_FR\" \/>\n<meta property=\"og:type\" content=\"article\" \/>\n<meta property=\"og:title\" content=\"CIN\u00c9MA - Mat\u00e9riel\" \/>\n<meta property=\"og:description\" content=\"Cloisons et contre-cloisons hautes performances acoustiques Salles de cin\u00e9ma et de spectacle L&rsquo;industrie du cin\u00e9ma fait entrer le son dans l\u2019\u00e8re de la troisi\u00e8me dimension avec la technologie Dolby Atmos, pour offrir des sensations in\u00e9dites[...]\" \/>\n<meta property=\"og:url\" content=\"https:\/\/www.burmett-gr.com\/index.php\/cinema\/\" \/>\n<meta property=\"og:site_name\" content=\"Mat\u00e9riel\" \/>\n<meta property=\"article:publisher\" content=\"https:\/\/www.facebook.com\/burmett.gr\/\" \/>\n<meta property=\"article:modified_time\" content=\"2021-10-12T17:44:55+00:00\" \/>\n<meta property=\"og:image\" content=\"https:\/\/www.siniat.fr\/siteassets\/page-assets\/fr\/projects\/type-of-building\/typeofbuilding-intro-cinema.jpg?v=48fa8b&amp;width=800\" \/>\n<meta name=\"twitter:card\" content=\"summary_large_image\" \/>\n<meta name=\"twitter:label1\" content=\"Dur\u00e9e de lecture estim\u00e9e\" \/>\n\t<meta name=\"twitter:data1\" content=\"2 minutes\" \/>\n<script type=\"application\/ld+json\" class=\"yoast-schema-graph\">{\"@context\":\"https:\/\/schema.org\",\"@graph\":[{\"@type\":\"WebPage\",\"@id\":\"https:\/\/www.burmett-gr.com\/index.php\/cinema\/\",\"url\":\"https:\/\/www.burmett-gr.com\/index.php\/cinema\/\",\"name\":\"CIN\u00c9MA - Mat\u00e9riel\",\"isPartOf\":{\"@id\":\"https:\/\/www.burmett-gr.com\/#website\"},\"primaryImageOfPage\":{\"@id\":\"https:\/\/www.burmett-gr.com\/index.php\/cinema\/#primaryimage\"},\"image\":{\"@id\":\"https:\/\/www.burmett-gr.com\/index.php\/cinema\/#primaryimage\"},\"thumbnailUrl\":\"https:\/\/www.siniat.fr\/siteassets\/page-assets\/fr\/projects\/type-of-building\/typeofbuilding-intro-cinema.jpg?v=48fa8b&amp;width=800\",\"datePublished\":\"2019-10-30T19:14:41+00:00\",\"dateModified\":\"2021-10-12T17:44:55+00:00\",\"breadcrumb\":{\"@id\":\"https:\/\/www.burmett-gr.com\/index.php\/cinema\/#breadcrumb\"},\"inLanguage\":\"fr-FR\",\"potentialAction\":[{\"@type\":\"ReadAction\",\"target\":[\"https:\/\/www.burmett-gr.com\/index.php\/cinema\/\"]}]},{\"@type\":\"ImageObject\",\"inLanguage\":\"fr-FR\",\"@id\":\"https:\/\/www.burmett-gr.com\/index.php\/cinema\/#primaryimage\",\"url\":\"https:\/\/www.siniat.fr\/siteassets\/page-assets\/fr\/projects\/type-of-building\/typeofbuilding-intro-cinema.jpg?v=48fa8b&amp;width=800\",\"contentUrl\":\"https:\/\/www.siniat.fr\/siteassets\/page-assets\/fr\/projects\/type-of-building\/typeofbuilding-intro-cinema.jpg?v=48fa8b&amp;width=800\"},{\"@type\":\"BreadcrumbList\",\"@id\":\"https:\/\/www.burmett-gr.com\/index.php\/cinema\/#breadcrumb\",\"itemListElement\":[{\"@type\":\"ListItem\",\"position\":1,\"name\":\"Accueil\",\"item\":\"https:\/\/www.burmett-gr.com\/\"},{\"@type\":\"ListItem\",\"position\":2,\"name\":\"CIN\u00c9MA\"}]},{\"@type\":\"WebSite\",\"@id\":\"https:\/\/www.burmett-gr.com\/#website\",\"url\":\"https:\/\/www.burmett-gr.com\/\",\"name\":\"Mat\u00e9riel\",\"description\":\"ALGERIE\",\"publisher\":{\"@id\":\"https:\/\/www.burmett-gr.com\/#organization\"},\"potentialAction\":[{\"@type\":\"SearchAction\",\"target\":{\"@type\":\"EntryPoint\",\"urlTemplate\":\"https:\/\/www.burmett-gr.com\/?s={search_term_string}\"},\"query-input\":{\"@type\":\"PropertyValueSpecification\",\"valueRequired\":true,\"valueName\":\"search_term_string\"}}],\"inLanguage\":\"fr-FR\"},{\"@type\":\"Organization\",\"@id\":\"https:\/\/www.burmett-gr.com\/#organization\",\"name\":\"BURMETT-GR\",\"url\":\"https:\/\/www.burmett-gr.com\/\",\"logo\":{\"@type\":\"ImageObject\",\"inLanguage\":\"fr-FR\",\"@id\":\"https:\/\/www.burmett-gr.com\/#\/schema\/logo\/image\/\",\"url\":\"https:\/\/www.burmett-gr.com\/wp-content\/uploads\/2020\/04\/Screenshot_2020-04-15-Vistaprint.png\",\"contentUrl\":\"https:\/\/www.burmett-gr.com\/wp-content\/uploads\/2020\/04\/Screenshot_2020-04-15-Vistaprint.png\",\"width\":668,\"height\":294,\"caption\":\"BURMETT-GR\"},\"image\":{\"@id\":\"https:\/\/www.burmett-gr.com\/#\/schema\/logo\/image\/\"},\"sameAs\":[\"https:\/\/www.facebook.com\/burmett.gr\/\",\"https:\/\/www.instagram.com\/burmett_oran\/\",\"https:\/\/www.pinterest.fr\/burmettgr\/\"]}]}<\/script>\n<!-- \/ Yoast SEO plugin. -->","yoast_head_json":{"title":"CIN\u00c9MA - Mat\u00e9riel","robots":{"index":"index","follow":"follow","max-snippet":"max-snippet:-1","max-image-preview":"max-image-preview:large","max-video-preview":"max-video-preview:-1"},"canonical":"https:\/\/www.burmett-gr.com\/index.php\/cinema\/","og_locale":"fr_FR","og_type":"article","og_title":"CIN\u00c9MA - Mat\u00e9riel","og_description":"Cloisons et contre-cloisons hautes performances acoustiques Salles de cin\u00e9ma et de spectacle L&rsquo;industrie du cin\u00e9ma fait entrer le son dans l\u2019\u00e8re de la troisi\u00e8me dimension avec la technologie Dolby Atmos, pour offrir des sensations in\u00e9dites[...]","og_url":"https:\/\/www.burmett-gr.com\/index.php\/cinema\/","og_site_name":"Mat\u00e9riel","article_publisher":"https:\/\/www.facebook.com\/burmett.gr\/","article_modified_time":"2021-10-12T17:44:55+00:00","og_image":[{"url":"https:\/\/www.siniat.fr\/siteassets\/page-assets\/fr\/projects\/type-of-building\/typeofbuilding-intro-cinema.jpg?v=48fa8b&amp;width=800","type":"","width":"","height":""}],"twitter_card":"summary_large_image","twitter_misc":{"Dur\u00e9e de lecture estim\u00e9e":"2 minutes"},"schema":{"@context":"https:\/\/schema.org","@graph":[{"@type":"WebPage","@id":"https:\/\/www.burmett-gr.com\/index.php\/cinema\/","url":"https:\/\/www.burmett-gr.com\/index.php\/cinema\/","name":"CIN\u00c9MA - Mat\u00e9riel","isPartOf":{"@id":"https:\/\/www.burmett-gr.com\/#website"},"primaryImageOfPage":{"@id":"https:\/\/www.burmett-gr.com\/index.php\/cinema\/#primaryimage"},"image":{"@id":"https:\/\/www.burmett-gr.com\/index.php\/cinema\/#primaryimage"},"thumbnailUrl":"https:\/\/www.siniat.fr\/siteassets\/page-assets\/fr\/projects\/type-of-building\/typeofbuilding-intro-cinema.jpg?v=48fa8b&amp;width=800","datePublished":"2019-10-30T19:14:41+00:00","dateModified":"2021-10-12T17:44:55+00:00","breadcrumb":{"@id":"https:\/\/www.burmett-gr.com\/index.php\/cinema\/#breadcrumb"},"inLanguage":"fr-FR","potentialAction":[{"@type":"ReadAction","target":["https:\/\/www.burmett-gr.com\/index.php\/cinema\/"]}]},{"@type":"ImageObject","inLanguage":"fr-FR","@id":"https:\/\/www.burmett-gr.com\/index.php\/cinema\/#primaryimage","url":"https:\/\/www.siniat.fr\/siteassets\/page-assets\/fr\/projects\/type-of-building\/typeofbuilding-intro-cinema.jpg?v=48fa8b&amp;width=800","contentUrl":"https:\/\/www.siniat.fr\/siteassets\/page-assets\/fr\/projects\/type-of-building\/typeofbuilding-intro-cinema.jpg?v=48fa8b&amp;width=800"},{"@type":"BreadcrumbList","@id":"https:\/\/www.burmett-gr.com\/index.php\/cinema\/#breadcrumb","itemListElement":[{"@type":"ListItem","position":1,"name":"Accueil","item":"https:\/\/www.burmett-gr.com\/"},{"@type":"ListItem","position":2,"name":"CIN\u00c9MA"}]},{"@type":"WebSite","@id":"https:\/\/www.burmett-gr.com\/#website","url":"https:\/\/www.burmett-gr.com\/","name":"Mat\u00e9riel","description":"ALGERIE","publisher":{"@id":"https:\/\/www.burmett-gr.com\/#organization"},"potentialAction":[{"@type":"SearchAction","target":{"@type":"EntryPoint","urlTemplate":"https:\/\/www.burmett-gr.com\/?s={search_term_string}"},"query-input":{"@type":"PropertyValueSpecification","valueRequired":true,"valueName":"search_term_string"}}],"inLanguage":"fr-FR"},{"@type":"Organization","@id":"https:\/\/www.burmett-gr.com\/#organization","name":"BURMETT-GR","url":"https:\/\/www.burmett-gr.com\/","logo":{"@type":"ImageObject","inLanguage":"fr-FR","@id":"https:\/\/www.burmett-gr.com\/#\/schema\/logo\/image\/","url":"https:\/\/www.burmett-gr.com\/wp-content\/uploads\/2020\/04\/Screenshot_2020-04-15-Vistaprint.png","contentUrl":"https:\/\/www.burmett-gr.com\/wp-content\/uploads\/2020\/04\/Screenshot_2020-04-15-Vistaprint.png","width":668,"height":294,"caption":"BURMETT-GR"},"image":{"@id":"https:\/\/www.burmett-gr.com\/#\/schema\/logo\/image\/"},"sameAs":["https:\/\/www.facebook.com\/burmett.gr\/","https:\/\/www.instagram.com\/burmett_oran\/","https:\/\/www.pinterest.fr\/burmettgr\/"]}]}},"_links":{"self":[{"href":"https:\/\/www.burmett-gr.com\/index.php\/wp-json\/wp\/v2\/pages\/1078","targetHints":{"allow":["GET"]}}],"collection":[{"href":"https:\/\/www.burmett-gr.com\/index.php\/wp-json\/wp\/v2\/pages"}],"about":[{"href":"https:\/\/www.burmett-gr.com\/index.php\/wp-json\/wp\/v2\/types\/page"}],"author":[{"embeddable":true,"href":"https:\/\/www.burmett-gr.com\/index.php\/wp-json\/wp\/v2\/users\/1"}],"replies":[{"embeddable":true,"href":"https:\/\/www.burmett-gr.com\/index.php\/wp-json\/wp\/v2\/comments?post=1078"}],"version-history":[{"count":41,"href":"https:\/\/www.burmett-gr.com\/index.php\/wp-json\/wp\/v2\/pages\/1078\/revisions"}],"predecessor-version":[{"id":2495,"href":"https:\/\/www.burmett-gr.com\/index.php\/wp-json\/wp\/v2\/pages\/1078\/revisions\/2495"}],"wp:attachment":[{"href":"https:\/\/www.burmett-gr.com\/index.php\/wp-json\/wp\/v2\/media?parent=1078"}],"curies":[{"name":"wp","href":"https:\/\/api.w.org\/{rel}","templated":true}]}}